{"id":1713,"date":"2020-03-18T17:13:16","date_gmt":"2020-03-18T15:13:16","guid":{"rendered":"https:\/\/lahemaaturism.ee\/?page_id=1713"},"modified":"2020-08-01T10:14:48","modified_gmt":"2020-08-01T08:14:48","slug":"feedback","status":"publish","type":"page","link":"https:\/\/lahemaaturism.ee\/en\/feedback\/","title":{"rendered":"Feedback questionary"},"content":{"rendered":"<p><div class=\"fusion-fullwidth fullwidth-box fusion-builder-row-1 fusion-flex-container hundred-percent-fullwidth non-hundred-percent-height-scrolling\" style=\"--awb-background-blend-mode:overlay;--awb-border-radius-top-left:0px;--awb-border-radius-top-right:0px;--awb-border-radius-bottom-right:0px;--awb-border-radius-bottom-left:0px;--awb-padding-right:30px;--awb-padding-left:30px;--awb-background-image:linear-gradient(190deg, rgba(255,255,255,0) 40%,rgba(255,193,7,0.95) 100%);--awb-flex-wrap:wrap;\" ><div class=\"fusion-builder-row fusion-row fusion-flex-align-items-flex-start fusion-flex-content-wrap\" style=\"width:calc( 100% + 0px ) !important;max-width:calc( 100% + 0px ) !important;margin-left: calc(-0px \/ 2 );margin-right: calc(-0px \/ 2 );\"><div class=\"fusion-layout-column fusion_builder_column fusion-builder-column-0 fusion_builder_column_1_1 1_1 fusion-flex-column\" style=\"--awb-padding-top:50px;--awb-padding-bottom:25px;--awb-bg-size:cover;--awb-width-large:100%;--awb-margin-top-large:0px;--awb-spacing-right-large:0px;--awb-margin-bottom-large:20px;--awb-spacing-left-large:0px;--awb-width-medium:100%;--awb-spacing-right-medium:0px;--awb-spacing-left-medium:0px;--awb-width-small:100%;--awb-spacing-right-small:0px;--awb-spacing-left-small:0px;\"><div class=\"fusion-column-wrapper fusion-column-has-shadow fusion-flex-justify-content-flex-start fusion-content-layout-column\"><div class=\"fusion-title title fusion-title-1 fusion-sep-none fusion-title-text fusion-title-size-two\" style=\"--awb-text-color:#303030;--awb-margin-top-small:0px;--awb-margin-right-small:0px;--awb-margin-bottom-small:20px;--awb-margin-left-small:0px;\"><h2 class=\"fusion-title-heading title-heading-left fusion-responsive-typography-calculated\" style=\"margin:0;--fontSize:40.3125;line-height:1.4;\">Feedback questionary<\/h2><\/div><div class=\"fusion-text fusion-text-1\"><p>Dear klient, To offer to our clients high-quality services, we will be glad, if you will answer to some questions about it.<\/p>\n<p>Please give a grade in the 5 point system (1 &#8211; not at all satisfied, 2 &#8211; many shortcomings, 3 &#8211; some shortcomings, but overall there was satisfaction with the service, 4 &#8211; I was satisfied with the service but there were things that could have been better done 5 &#8211; service fully met my expectations)<\/p>\n<\/div><i class=\"fb-icon-element-1 fb-icon-element fontawesome-icon fa fa-chevron-down circle-no fusion-text-flow fusion-animated\" style=\"--awb-iconcolor-hover:#ffffff;--awb-font-size:22px;--awb-margin-right:11px;\" data-animationType=\"bounceInDown\" data-animationDuration=\"0.1\" data-animationOffset=\"top-into-view\"><\/i><\/div><\/div><\/div><\/div><div class=\"fusion-fullwidth fullwidth-box fusion-builder-row-2 fusion-flex-container nonhundred-percent-fullwidth non-hundred-percent-height-scrolling\" style=\"--awb-border-radius-top-left:0px;--awb-border-radius-top-right:0px;--awb-border-radius-bottom-right:0px;--awb-border-radius-bottom-left:0px;--awb-margin-top:20px;--awb-flex-wrap:wrap;\" ><div class=\"fusion-builder-row fusion-row fusion-flex-align-items-flex-start fusion-flex-content-wrap\" style=\"max-width:1248px;margin-left: calc(-4% \/ 2 );margin-right: calc(-4% \/ 2 );\"><div class=\"fusion-layout-column fusion_builder_column fusion-builder-column-1 fusion_builder_column_1_6 1_6 fusion-flex-column\" style=\"--awb-bg-size:cover;--awb-width-large:16.6666666667%;--awb-margin-top-large:0px;--awb-spacing-right-large:11.52%;--awb-margin-bottom-large:20px;--awb-spacing-left-large:11.52%;--awb-width-medium:16.6666666667%;--awb-spacing-right-medium:11.52%;--awb-spacing-left-medium:11.52%;--awb-width-small:100%;--awb-spacing-right-small:1.92%;--awb-spacing-left-small:1.92%;\"><div class=\"fusion-column-wrapper fusion-column-has-shadow fusion-flex-justify-content-flex-start fusion-content-layout-column\"><\/div><\/div><div class=\"fusion-layout-column fusion_builder_column fusion-builder-column-2 fusion_builder_column_2_3 2_3 fusion-flex-column\" style=\"--awb-bg-size:cover;--awb-width-large:66.6666666667%;--awb-margin-top-large:0px;--awb-spacing-right-large:2.88%;--awb-margin-bottom-large:20px;--awb-spacing-left-large:2.88%;--awb-width-medium:66.6666666667%;--awb-spacing-right-medium:2.88%;--awb-spacing-left-medium:2.88%;--awb-width-small:100%;--awb-spacing-right-small:1.92%;--awb-spacing-left-small:1.92%;\"><div class=\"fusion-column-wrapper fusion-column-has-shadow fusion-flex-justify-content-flex-start fusion-content-layout-column\">\n<div class=\"wpcf7 no-js\" id=\"wpcf7-f552-o1\" lang=\"en-US\" dir=\"ltr\" data-wpcf7-id=\"552\">\n<div class=\"screen-reader-response\"><p role=\"status\" aria-live=\"polite\" aria-atomic=\"true\"><\/p> <ul><\/ul><\/div>\n<form action=\"\/en\/wp-json\/wp\/v2\/pages\/1713#wpcf7-f552-o1\" method=\"post\" class=\"wpcf7-form init\" aria-label=\"Contact form\" novalidate=\"novalidate\" data-status=\"init\">\n<fieldset class=\"hidden-fields-container\"><input type=\"hidden\" name=\"_wpcf7\" value=\"552\" \/><input type=\"hidden\" name=\"_wpcf7_version\" value=\"6.1.5\" \/><input type=\"hidden\" name=\"_wpcf7_locale\" value=\"en_US\" \/><input type=\"hidden\" name=\"_wpcf7_unit_tag\" value=\"wpcf7-f552-o1\" \/><input type=\"hidden\" name=\"_wpcf7_container_post\" value=\"0\" \/><input type=\"hidden\" name=\"_wpcf7_posted_data_hash\" value=\"\" \/>\n<\/fieldset>\n<div class=\"row\">\n\t<div class=\"col-xs-12 m-b-15\">\n\t\t<p>Ekskursiooni toimumise aeg ja koht? *<br \/>\n<span class=\"wpcf7-form-control-wrap\" data-name=\"text-97\"><input size=\"40\" maxlength=\"400\" class=\"wpcf7-form-control wpcf7-text wpcf7-validates-as-required form-control m-b-5\" aria-required=\"true\" aria-invalid=\"false\" value=\"\" type=\"text\" name=\"text-97\" \/><\/span>\n\t\t<\/p>\n\t<\/div>\n<\/div>\n<div class=\"row\">\n\t<div class=\"col-xs-6 m-b-15\">\n\t\t<p>Sinu nimi *<br \/>\n<span class=\"wpcf7-form-control-wrap\" data-name=\"text-98\"><input size=\"40\" maxlength=\"400\" class=\"wpcf7-form-control wpcf7-text wpcf7-validates-as-required form-control m-b-5\" aria-required=\"true\" aria-invalid=\"false\" value=\"\" type=\"text\" name=\"text-98\" \/><\/span>\n\t\t<\/p>\n\t<\/div>\n\t<div class=\"col-xs-6 m-b-15\">\n\t\t<p>Giidi nimi *<br \/>\n<span class=\"wpcf7-form-control-wrap\" data-name=\"text-302\"><input size=\"40\" maxlength=\"400\" class=\"wpcf7-form-control wpcf7-text wpcf7-validates-as-required form-control m-b-5\" aria-required=\"true\" aria-invalid=\"false\" value=\"\" type=\"text\" name=\"text-302\" \/><\/span>\n\t\t<\/p>\n\t<\/div>\n<\/div>\n<div class=\"row\">\n\t<div class=\"col-xs-12 m-b-15\">\n\t\t<p>Kas marsruut meeldis? Ei olnud liiga pikk ega liiga l\u00fchike, oli piisavalt huvitav? *<br \/>\n<span class=\"wpcf7-form-control-wrap\" data-name=\"checkbox-406\"><span class=\"wpcf7-form-control wpcf7-checkbox wpcf7-validates-as-required wpcf7-exclusive-checkbox form-control m-b-5\"><span class=\"wpcf7-list-item first\"><label><input type=\"checkbox\" name=\"checkbox-406\" value=\"1\" \/><span class=\"wpcf7-list-item-label\">1<\/span><\/label><\/span><span class=\"wpcf7-list-item\"><label><input type=\"checkbox\" name=\"checkbox-406\" value=\"2\" \/><span class=\"wpcf7-list-item-label\">2<\/span><\/label><\/span><span class=\"wpcf7-list-item\"><label><input type=\"checkbox\" name=\"checkbox-406\" value=\"3\" \/><span class=\"wpcf7-list-item-label\">3<\/span><\/label><\/span><span class=\"wpcf7-list-item\"><label><input type=\"checkbox\" name=\"checkbox-406\" value=\"4\" \/><span class=\"wpcf7-list-item-label\">4<\/span><\/label><\/span><span class=\"wpcf7-list-item last\"><label><input type=\"checkbox\" name=\"checkbox-406\" value=\"5\" \/><span class=\"wpcf7-list-item-label\">5<\/span><\/label><\/span><\/span><\/span>\n\t\t<\/p>\n\t<\/div>\n<\/div>\n<div class=\"row\">\n\t<div class=\"col-xs-12 m-b-15\">\n\t\t<p>Kas giidi esinemine oli huvitav ja asjakohane? Kas giidi oli kuulda, kas k\u00f5ik n\u00e4gid, mida giid n\u00e4itas? *<br \/>\n<span class=\"wpcf7-form-control-wrap\" data-name=\"checkbox-407\"><span class=\"wpcf7-form-control wpcf7-checkbox wpcf7-validates-as-required wpcf7-exclusive-checkbox form-control m-b-5\"><span class=\"wpcf7-list-item first\"><label><input type=\"checkbox\" name=\"checkbox-407\" value=\"1\" \/><span class=\"wpcf7-list-item-label\">1<\/span><\/label><\/span><span class=\"wpcf7-list-item\"><label><input type=\"checkbox\" name=\"checkbox-407\" value=\"2\" \/><span class=\"wpcf7-list-item-label\">2<\/span><\/label><\/span><span class=\"wpcf7-list-item\"><label><input type=\"checkbox\" name=\"checkbox-407\" value=\"3\" \/><span class=\"wpcf7-list-item-label\">3<\/span><\/label><\/span><span class=\"wpcf7-list-item\"><label><input type=\"checkbox\" name=\"checkbox-407\" value=\"4\" \/><span class=\"wpcf7-list-item-label\">4<\/span><\/label><\/span><span class=\"wpcf7-list-item last\"><label><input type=\"checkbox\" name=\"checkbox-407\" value=\"5\" \/><span class=\"wpcf7-list-item-label\">5<\/span><\/label><\/span><\/span><\/span>\n\t\t<\/p>\n\t<\/div>\n<\/div>\n<div class=\"row\">\n\t<div class=\"col-xs-12 m-b-15\">\n\t\t<p>Missuguse hinde annate retkele tervikuna? *<br \/>\n<span class=\"wpcf7-form-control-wrap\" data-name=\"checkbox-408\"><span class=\"wpcf7-form-control wpcf7-checkbox wpcf7-validates-as-required wpcf7-exclusive-checkbox form-control m-b-5\"><span class=\"wpcf7-list-item first\"><label><input type=\"checkbox\" name=\"checkbox-408\" value=\"1\" \/><span class=\"wpcf7-list-item-label\">1<\/span><\/label><\/span><span class=\"wpcf7-list-item\"><label><input type=\"checkbox\" name=\"checkbox-408\" value=\"2\" \/><span class=\"wpcf7-list-item-label\">2<\/span><\/label><\/span><span class=\"wpcf7-list-item\"><label><input type=\"checkbox\" name=\"checkbox-408\" value=\"3\" \/><span class=\"wpcf7-list-item-label\">3<\/span><\/label><\/span><span class=\"wpcf7-list-item\"><label><input type=\"checkbox\" name=\"checkbox-408\" value=\"4\" \/><span class=\"wpcf7-list-item-label\">4<\/span><\/label><\/span><span class=\"wpcf7-list-item last\"><label><input type=\"checkbox\" name=\"checkbox-408\" value=\"5\" \/><span class=\"wpcf7-list-item-label\">5<\/span><\/label><\/span><\/span><\/span>\n\t\t<\/p>\n\t<\/div>\n<\/div>\n<div class=\"row\">\n\t<div class=\"col-xs-6 m-b-15\">\n\t\t<p>Mida v\u00f5iksime teisiti teha?<br \/>\n<span class=\"wpcf7-form-control-wrap\" data-name=\"message\"><textarea cols=\"40\" rows=\"3\" maxlength=\"2000\" class=\"wpcf7-form-control wpcf7-textarea form-control m-b-5\" aria-invalid=\"false\" name=\"message\"><\/textarea><\/span>\n\t\t<\/p>\n\t<\/div>\n\t<div class=\"col-xs-6 m-b-15\">\n\t\t<p>Kommentaarid, m\u00e4rkused:<br \/>\n<span class=\"wpcf7-form-control-wrap\" data-name=\"message-1\"><textarea cols=\"40\" rows=\"3\" maxlength=\"2000\" class=\"wpcf7-form-control wpcf7-textarea form-control m-b-5\" aria-invalid=\"false\" name=\"message-1\"><\/textarea><\/span>\n\t\t<\/p>\n\t<\/div>\n<\/div>\n<div class=\"row\">\n\t<div class=\"col-xs-12 m-b-15\">\n\t\t<p>Mis allikast saite infot meie retke kohta?<br \/>\n<span class=\"wpcf7-form-control-wrap\" data-name=\"menu-120\"><select class=\"wpcf7-form-control wpcf7-select form-control m-b-5\" aria-invalid=\"false\" name=\"menu-120\"><option value=\"\">&#8212;Please choose an option&#8212;<\/option><option value=\"1) Puhka Eestis portaalist\">1) Puhka Eestis portaalist<\/option><option value=\"2) Kodulehelt\">2) Kodulehelt<\/option><option value=\"3) Kuulsin tuttavatelt\">3) Kuulsin tuttavatelt<\/option><option value=\"4) Googlest\">4) Googlest<\/option><option value=\"4) Mujal\">4) Mujal<\/option><\/select><\/span>\n\t\t<\/p>\n\t<\/div>\n<\/div>\n<p><span class=\"wpcf7-form-control-wrap\" data-name=\"quiz-439\"><label><span class=\"wpcf7-quiz-label\">Eesti president 2021 ?<\/span> <input size=\"40\" class=\"wpcf7-form-control wpcf7-quiz\" autocomplete=\"off\" aria-required=\"true\" aria-invalid=\"false\" type=\"text\" name=\"quiz-439\" \/><\/label><input type=\"hidden\" name=\"_wpcf7_quiz_answer_quiz-439\" value=\"0368d24bbc15beefca85dba6f01920a3\" \/><\/span><div id=\"cf7sr-69dc60a1755e3\" class=\"cf7sr-g-recaptcha\" data-theme=\"light\" data-type=\"image\" data-size=\"normal\" data-sitekey=\"6LeITpAUAAAAAKLgAMwxxjFOUiMHcuaR-ZQ3odiZ\"><\/div><span class=\"wpcf7-form-control-wrap cf7sr-recaptcha\" data-name=\"cf7sr-recaptcha\"><input type=\"hidden\" name=\"cf7sr-recaptcha\" value=\"\" class=\"wpcf7-form-control\"><\/span><br \/>\n*\u00a0 T\u00e4rniga t\u00e4histatud v\u00e4ljad on kohustuslikud!\n<\/p>\n<div class=\"row\">\n\t<div class=\"col-xs-12 text-right\">\n\t\t<p><input class=\"wpcf7-form-control wpcf7-submit has-spinner btn btn-secondary btn-md btn-inverse\" type=\"submit\" value=\"Saada tagasiside\" \/>\n\t\t<\/p>\n\t<\/div>\n<\/div><div class=\"fusion-alert alert custom alert-custom fusion-alert-center wpcf7-response-output fusion-alert-capitalize awb-alert-native-link-color alert-dismissable awb-alert-close-boxed\" style=\"--awb-border-top-left-radius:0px;--awb-border-top-right-radius:0px;--awb-border-bottom-left-radius:0px;--awb-border-bottom-right-radius:0px;\" role=\"alert\"><div class=\"fusion-alert-content-wrapper\"><span class=\"fusion-alert-content\"><\/span><\/div><button type=\"button\" class=\"close toggle-alert\" data-dismiss=\"alert\" aria-label=\"Close\">&times;<\/button><\/div>\n<\/form>\n<\/div>\n<\/div><\/div><div class=\"fusion-layout-column fusion_builder_column fusion-builder-column-3 fusion_builder_column_1_6 1_6 fusion-flex-column\" style=\"--awb-bg-size:cover;--awb-width-large:16.6666666667%;--awb-margin-top-large:0px;--awb-spacing-right-large:11.52%;--awb-margin-bottom-large:20px;--awb-spacing-left-large:11.52%;--awb-width-medium:16.6666666667%;--awb-spacing-right-medium:11.52%;--awb-spacing-left-medium:11.52%;--awb-width-small:100%;--awb-spacing-right-small:1.92%;--awb-spacing-left-small:1.92%;\"><div class=\"fusion-column-wrapper fusion-column-has-shadow fusion-flex-justify-content-flex-start fusion-content-layout-column\"><\/div><\/div><\/div><\/div><\/p>\n","protected":false},"excerpt":{"rendered":"","protected":false},"author":4,"featured_media":0,"parent":0,"menu_order":0,"comment_status":"closed","ping_status":"closed","template":"100-width.php","meta":{"footnotes":""},"class_list":["post-1713","page","type-page","status-publish","hentry"],"yoast_head":"<!-- This site is optimized with the Yoast SEO plugin v27.2 - https:\/\/yoast.com\/product\/yoast-seo-wordpress\/ -->\n<title>Feedback questionary - Lahemaa \u00d6koturism<\/title>\n<meta name=\"robots\" content=\"index, follow, max-snippet:-1, max-image-preview:large, max-video-preview:-1\" \/>\n<link rel=\"canonical\" href=\"https:\/\/lahemaaturism.ee\/en\/feedback\/\" \/>\n<meta property=\"og:locale\" content=\"en_US\" \/>\n<meta property=\"og:type\" content=\"article\" \/>\n<meta property=\"og:title\" content=\"Feedback questionary - Lahemaa \u00d6koturism\" \/>\n<meta property=\"og:url\" content=\"https:\/\/lahemaaturism.ee\/en\/feedback\/\" \/>\n<meta property=\"og:site_name\" content=\"Lahemaa \u00d6koturism\" \/>\n<meta property=\"article:modified_time\" content=\"2020-08-01T08:14:48+00:00\" \/>\n<meta name=\"twitter:card\" content=\"summary_large_image\" \/>\n<meta name=\"twitter:label1\" content=\"Est. reading time\" \/>\n\t<meta name=\"twitter:data1\" content=\"6 minutes\" \/>\n<script type=\"application\/ld+json\" class=\"yoast-schema-graph\">{\"@context\":\"https:\/\/schema.org\",\"@graph\":[{\"@type\":\"WebPage\",\"@id\":\"https:\/\/lahemaaturism.ee\/en\/feedback\/\",\"url\":\"https:\/\/lahemaaturism.ee\/en\/feedback\/\",\"name\":\"Feedback questionary - Lahemaa \u00d6koturism\",\"isPartOf\":{\"@id\":\"https:\/\/lahemaaturism.ee\/#website\"},\"datePublished\":\"2020-03-18T15:13:16+00:00\",\"dateModified\":\"2020-08-01T08:14:48+00:00\",\"breadcrumb\":{\"@id\":\"https:\/\/lahemaaturism.ee\/en\/feedback\/#breadcrumb\"},\"inLanguage\":\"en-US\",\"potentialAction\":[{\"@type\":\"ReadAction\",\"target\":[\"https:\/\/lahemaaturism.ee\/en\/feedback\/\"]}]},{\"@type\":\"BreadcrumbList\",\"@id\":\"https:\/\/lahemaaturism.ee\/en\/feedback\/#breadcrumb\",\"itemListElement\":[{\"@type\":\"ListItem\",\"position\":1,\"name\":\"Home\",\"item\":\"https:\/\/lahemaaturism.ee\/en\/avaleht\/\"},{\"@type\":\"ListItem\",\"position\":2,\"name\":\"Feedback questionary\"}]},{\"@type\":\"WebSite\",\"@id\":\"https:\/\/lahemaaturism.ee\/#website\",\"url\":\"https:\/\/lahemaaturism.ee\/\",\"name\":\"Lahemaa \u00d6koturism\",\"description\":\"Keskkonnas\u00f5bralikud r\u00e4nnakud l\u00e4bi imelise Lahemaa looduse ja kultuurip\u00e4randi\",\"potentialAction\":[{\"@type\":\"SearchAction\",\"target\":{\"@type\":\"EntryPoint\",\"urlTemplate\":\"https:\/\/lahemaaturism.ee\/?s={search_term_string}\"},\"query-input\":{\"@type\":\"PropertyValueSpecification\",\"valueRequired\":true,\"valueName\":\"search_term_string\"}}],\"inLanguage\":\"en-US\"}]}<\/script>\n<!-- \/ Yoast SEO plugin. -->","yoast_head_json":{"title":"Feedback questionary - Lahemaa \u00d6koturism","robots":{"index":"index","follow":"follow","max-snippet":"max-snippet:-1","max-image-preview":"max-image-preview:large","max-video-preview":"max-video-preview:-1"},"canonical":"https:\/\/lahemaaturism.ee\/en\/feedback\/","og_locale":"en_US","og_type":"article","og_title":"Feedback questionary - Lahemaa \u00d6koturism","og_url":"https:\/\/lahemaaturism.ee\/en\/feedback\/","og_site_name":"Lahemaa \u00d6koturism","article_modified_time":"2020-08-01T08:14:48+00:00","twitter_card":"summary_large_image","twitter_misc":{"Est. reading time":"6 minutes"},"schema":{"@context":"https:\/\/schema.org","@graph":[{"@type":"WebPage","@id":"https:\/\/lahemaaturism.ee\/en\/feedback\/","url":"https:\/\/lahemaaturism.ee\/en\/feedback\/","name":"Feedback questionary - Lahemaa \u00d6koturism","isPartOf":{"@id":"https:\/\/lahemaaturism.ee\/#website"},"datePublished":"2020-03-18T15:13:16+00:00","dateModified":"2020-08-01T08:14:48+00:00","breadcrumb":{"@id":"https:\/\/lahemaaturism.ee\/en\/feedback\/#breadcrumb"},"inLanguage":"en-US","potentialAction":[{"@type":"ReadAction","target":["https:\/\/lahemaaturism.ee\/en\/feedback\/"]}]},{"@type":"BreadcrumbList","@id":"https:\/\/lahemaaturism.ee\/en\/feedback\/#breadcrumb","itemListElement":[{"@type":"ListItem","position":1,"name":"Home","item":"https:\/\/lahemaaturism.ee\/en\/avaleht\/"},{"@type":"ListItem","position":2,"name":"Feedback questionary"}]},{"@type":"WebSite","@id":"https:\/\/lahemaaturism.ee\/#website","url":"https:\/\/lahemaaturism.ee\/","name":"Lahemaa \u00d6koturism","description":"Keskkonnas\u00f5bralikud r\u00e4nnakud l\u00e4bi imelise Lahemaa looduse ja kultuurip\u00e4randi","potentialAction":[{"@type":"SearchAction","target":{"@type":"EntryPoint","urlTemplate":"https:\/\/lahemaaturism.ee\/?s={search_term_string}"},"query-input":{"@type":"PropertyValueSpecification","valueRequired":true,"valueName":"search_term_string"}}],"inLanguage":"en-US"}]}},"_links":{"self":[{"href":"https:\/\/lahemaaturism.ee\/en\/wp-json\/wp\/v2\/pages\/1713","targetHints":{"allow":["GET"]}}],"collection":[{"href":"https:\/\/lahemaaturism.ee\/en\/wp-json\/wp\/v2\/pages"}],"about":[{"href":"https:\/\/lahemaaturism.ee\/en\/wp-json\/wp\/v2\/types\/page"}],"author":[{"embeddable":true,"href":"https:\/\/lahemaaturism.ee\/en\/wp-json\/wp\/v2\/users\/4"}],"replies":[{"embeddable":true,"href":"https:\/\/lahemaaturism.ee\/en\/wp-json\/wp\/v2\/comments?post=1713"}],"version-history":[{"count":5,"href":"https:\/\/lahemaaturism.ee\/en\/wp-json\/wp\/v2\/pages\/1713\/revisions"}],"predecessor-version":[{"id":1899,"href":"https:\/\/lahemaaturism.ee\/en\/wp-json\/wp\/v2\/pages\/1713\/revisions\/1899"}],"wp:attachment":[{"href":"https:\/\/lahemaaturism.ee\/en\/wp-json\/wp\/v2\/media?parent=1713"}],"curies":[{"name":"wp","href":"https:\/\/api.w.org\/{rel}","templated":true}]}}