{"id":2176,"date":"2021-02-05T18:12:42","date_gmt":"2021-02-05T16:12:42","guid":{"rendered":"https:\/\/lahemaaturism.ee\/?page_id=2176"},"modified":"2021-02-07T22:32:23","modified_gmt":"2021-02-07T20:32:23","slug":"tours-in-estonia","status":"publish","type":"page","link":"https:\/\/lahemaaturism.ee\/en\/tours-in-estonia\/","title":{"rendered":"Tours in Estonia"},"content":{"rendered":"<p><div class=\"fusion-fullwidth fullwidth-box fusion-builder-row-1 fusion-flex-container fusion-parallax-none hundred-percent-fullwidth non-hundred-percent-height-scrolling\" style=\"--awb-background-blend-mode:overlay;--awb-border-radius-top-left:0px;--awb-border-radius-top-right:0px;--awb-border-radius-bottom-right:0px;--awb-border-radius-bottom-left:0px;--awb-background-color:rgba(0,4,51,0.2);--awb-background-image:url(&quot;https:\/\/lahemaaturism.ee\/wp-content\/uploads\/2021\/01\/Keila-Joa-min.jpg&quot;);--awb-background-size:cover;--awb-flex-wrap:wrap;\" ><div class=\"fusion-builder-row fusion-row fusion-flex-align-items-flex-start fusion-flex-content-wrap\" style=\"width:104% !important;max-width:104% !important;margin-left: calc(-4% \/ 2 );margin-right: calc(-4% \/ 2 );\"><div class=\"fusion-layout-column fusion_builder_column fusion-builder-column-0 fusion_builder_column_3_4 3_4 fusion-flex-column\" style=\"--awb-padding-top:300px;--awb-padding-bottom:60px;--awb-bg-size:cover;--awb-width-large:75%;--awb-margin-top-large:0px;--awb-spacing-right-large:3.84%;--awb-margin-bottom-large:20px;--awb-spacing-left-large:2.56%;--awb-width-medium:75%;--awb-spacing-right-medium:3.84%;--awb-spacing-left-medium:2.56%;--awb-width-small:100%;--awb-spacing-right-small:1.92%;--awb-spacing-left-small:1.92%;\"><div class=\"fusion-column-wrapper fusion-flex-justify-content-flex-start fusion-content-layout-column\"><div class=\"fusion-title title fusion-title-1 fusion-sep-none fusion-title-text fusion-title-size-one\" style=\"--awb-margin-bottom:10px;--awb-margin-top-small:0px;--awb-margin-right-small:0px;--awb-margin-bottom-small:20px;--awb-margin-left-small:0px;\"><h1 class=\"fusion-title-heading title-heading-left fusion-responsive-typography-calculated\" style=\"margin:0;--fontSize:45.15;line-height:1.4;\">Tours in Estonia<\/h1><\/div><div class=\"fusion-text fusion-text-1\"><\/div><i class=\"fb-icon-element-1 fb-icon-element fontawesome-icon fa fa-chevron-down circle-no fusion-text-flow fusion-animated\" style=\"--awb-iconcolor-hover:#ffffff;--awb-font-size:22px;--awb-margin-right:11px;\" data-animationType=\"bounceInDown\" data-animationDuration=\"0.1\" data-animationOffset=\"top-into-view\"><\/i><\/div><\/div><div class=\"fusion-layout-column fusion_builder_column fusion-builder-column-1 fusion_builder_column_1_4 1_4 fusion-flex-column fusion-no-small-visibility\" style=\"--awb-bg-size:cover;--awb-width-large:25%;--awb-margin-top-large:0px;--awb-spacing-right-large:7.68%;--awb-margin-bottom-large:20px;--awb-spacing-left-large:3.84%;--awb-width-medium:25%;--awb-spacing-right-medium:7.68%;--awb-spacing-left-medium:3.84%;--awb-width-small:100%;--awb-spacing-right-small:1.92%;--awb-spacing-left-small:1.92%;\"><div class=\"fusion-column-wrapper fusion-flex-justify-content-flex-start fusion-content-layout-column\"><\/div><\/div><\/div><\/div><div class=\"fusion-fullwidth fullwidth-box fusion-builder-row-2 fusion-flex-container nonhundred-percent-fullwidth non-hundred-percent-height-scrolling\" style=\"--awb-border-radius-top-left:0px;--awb-border-radius-top-right:0px;--awb-border-radius-bottom-right:0px;--awb-border-radius-bottom-left:0px;--awb-padding-top:30px;--awb-flex-wrap:wrap;\" ><div class=\"fusion-builder-row fusion-row fusion-flex-align-items-flex-start fusion-flex-content-wrap\" style=\"max-width:calc( 1200px + 0px );margin-left: calc(-0px \/ 2 );margin-right: calc(-0px \/ 2 );\"><div class=\"fusion-layout-column fusion_builder_column fusion-builder-column-2 fusion_builder_column_1_1 1_1 fusion-flex-column\" style=\"--awb-bg-size:cover;--awb-width-large:100%;--awb-margin-top-large:0px;--awb-spacing-right-large:0px;--awb-margin-bottom-large:0px;--awb-spacing-left-large:0px;--awb-width-medium:100%;--awb-spacing-right-medium:0px;--awb-spacing-left-medium:0px;--awb-width-small:100%;--awb-spacing-right-small:0px;--awb-spacing-left-small:0px;\"><div class=\"fusion-column-wrapper fusion-flex-justify-content-flex-start fusion-content-layout-column\"><style type=\"text\/css\">.fusion-portfolio-wrapper#fusion-portfolio-1 .fusion-portfolio-content{ padding: 25px 25px 25px 25px; text-align: left; }<\/style><div class=\"fusion-recent-works fusion-portfolio-element fusion-portfolio fusion-portfolio-1 fusion-portfolio-grid fusion-portfolio-paging-pagination fusion-portfolio-three fusion-portfolio-boxed fusion-portfolio-text fusion-portfolio-equal-heights\" data-id=\"-rw-1\" data-columns=\"three\"><style type=\"text\/css\">.fusion-portfolio-1 .fusion-portfolio-wrapper .fusion-col-spacing{padding:10px;}<\/style><div class=\"fusion-portfolio-wrapper\" id=\"fusion-portfolio-1\" data-picturesize=\"auto\" data-pages=\"1\" style=\"margin:-10px;\"><article id=\"portfolio-1-post-2174\" class=\"fusion-portfolio-post tours-in-estonia fusion-col-spacing post-2174\"><div class=\"fusion-portfolio-content-wrapper\" style=\"border:1px solid #ebeaea;border-bottom-width:3px;background-color:rgba(255,255,255,0);\"><span class=\"vcard rich-snippet-hidden\"><span class=\"fn\"><a href=\"https:\/\/lahemaaturism.ee\/en\/author\/casperdisain\/\" title=\"Posts by Disain Casper\" rel=\"author\">Disain Casper<\/a><\/span><\/span><span class=\"updated rich-snippet-hidden\">2021-02-16T19:27:49+02:00<\/span><div  class=\"fusion-image-wrapper\" aria-haspopup=\"true\">\n\t\t\t\t\t\t\t<a href=\"https:\/\/lahemaaturism.ee\/en\/tours\/keila-joa-schloss-fall-castle-arvo-part-centre-kumna-manor\/?portfolioCats=60\" aria-label=\"Keila-Joa Schloss Fall Castle, Arvo P\u00e4rt  Centre, Kumna Manor\">\n\t\t\t\t\t\t\t<img decoding=\"async\" width=\"1440\" height=\"1080\" src=\"https:\/\/lahemaaturism.ee\/wp-content\/uploads\/2021\/01\/Keila-Joa-min.jpg\" class=\"attachment-full size-full wp-post-image\" alt=\"\" srcset=\"https:\/\/lahemaaturism.ee\/wp-content\/uploads\/2021\/01\/Keila-Joa-min-200x150.jpg 200w, https:\/\/lahemaaturism.ee\/wp-content\/uploads\/2021\/01\/Keila-Joa-min-400x300.jpg 400w, https:\/\/lahemaaturism.ee\/wp-content\/uploads\/2021\/01\/Keila-Joa-min-600x450.jpg 600w, https:\/\/lahemaaturism.ee\/wp-content\/uploads\/2021\/01\/Keila-Joa-min-800x600.jpg 800w, https:\/\/lahemaaturism.ee\/wp-content\/uploads\/2021\/01\/Keila-Joa-min-1200x900.jpg 1200w, https:\/\/lahemaaturism.ee\/wp-content\/uploads\/2021\/01\/Keila-Joa-min.jpg 1440w\" sizes=\"(min-width: 2200px) 100vw, (min-width: 784px) 387px, (min-width: 712px) 580px, (min-width: 640px) 712px, \" \/>\t\t\t<\/a>\n\t\t\t\t\t\t\t<\/div>\n<div class=\"fusion-portfolio-content\" style=\"background-color:rgba(255,255,255,0);\"><h2 class=\"entry-title fusion-post-title\"><a href=\"https:\/\/lahemaaturism.ee\/en\/tours\/keila-joa-schloss-fall-castle-arvo-part-centre-kumna-manor\/?portfolioCats=60\">Keila-Joa Schloss Fall Castle, Arvo P\u00e4rt  Centre, Kumna Manor<\/a><\/h2><div class=\"fusion-content-sep sep-none\" style=\"border-color:#ebeaea;\"><\/div><div class=\"fusion-post-content\"><p>We start our tour with visiting historic Neo-Gothic Estonian knight-castle Keila-Joa Schloss Fall Castle.  After extensive renovation 2013 yhe Castle reopened its doors to guests. <\/p><\/div><\/div><\/div><\/article><article id=\"portfolio-1-post-2207\" class=\"fusion-portfolio-post tours-in-estonia fusion-col-spacing post-2207\"><div class=\"fusion-portfolio-content-wrapper\" style=\"border:1px solid #ebeaea;border-bottom-width:3px;background-color:rgba(255,255,255,0);\"><span class=\"vcard rich-snippet-hidden\"><span class=\"fn\"><a href=\"https:\/\/lahemaaturism.ee\/en\/author\/casperdisain\/\" title=\"Posts by Disain Casper\" rel=\"author\">Disain Casper<\/a><\/span><\/span><span class=\"updated rich-snippet-hidden\">2021-02-07T20:41:11+02:00<\/span><div  class=\"fusion-image-wrapper\" aria-haspopup=\"true\">\n\t\t\t\t\t\t\t<a href=\"https:\/\/lahemaaturism.ee\/en\/tours\/discover-the-mysterious-island-osmussaar-1-or-2-days-trip\/?portfolioCats=60\" aria-label=\"Discover the mysterious island &#8211; Osmussaar 1 or 2 days trip.\">\n\t\t\t\t\t\t\t<img decoding=\"async\" width=\"2560\" height=\"1920\" src=\"https:\/\/lahemaaturism.ee\/wp-content\/uploads\/2021\/02\/Osmussaar-5-min-scaled.jpg\" class=\"attachment-full size-full wp-post-image\" alt=\"\" srcset=\"https:\/\/lahemaaturism.ee\/wp-content\/uploads\/2021\/02\/Osmussaar-5-min-200x150.jpg 200w, https:\/\/lahemaaturism.ee\/wp-content\/uploads\/2021\/02\/Osmussaar-5-min-400x300.jpg 400w, https:\/\/lahemaaturism.ee\/wp-content\/uploads\/2021\/02\/Osmussaar-5-min-600x450.jpg 600w, https:\/\/lahemaaturism.ee\/wp-content\/uploads\/2021\/02\/Osmussaar-5-min-800x600.jpg 800w, https:\/\/lahemaaturism.ee\/wp-content\/uploads\/2021\/02\/Osmussaar-5-min-1200x900.jpg 1200w, https:\/\/lahemaaturism.ee\/wp-content\/uploads\/2021\/02\/Osmussaar-5-min-scaled.jpg 2560w\" sizes=\"(min-width: 2200px) 100vw, (min-width: 784px) 387px, (min-width: 712px) 580px, (min-width: 640px) 712px, \" \/>\t\t\t<\/a>\n\t\t\t\t\t\t\t<\/div>\n<div class=\"fusion-portfolio-content\" style=\"background-color:rgba(255,255,255,0);\"><h2 class=\"entry-title fusion-post-title\"><a href=\"https:\/\/lahemaaturism.ee\/en\/tours\/discover-the-mysterious-island-osmussaar-1-or-2-days-trip\/?portfolioCats=60\">Discover the mysterious island &#8211; Osmussaar 1 or 2 days trip.<\/a><\/h2><div class=\"fusion-content-sep sep-none\" style=\"border-color:#ebeaea;\"><\/div><div class=\"fusion-post-content\"><p>Osmussaar is known for its fascinating nature and settlement history. For centuries, the island was home to coastal Swedes. After the Second World War, Osmussaar was a closed border zone and home to a Soviet military unit.<\/p><\/div><\/div><\/div><\/article><article id=\"portfolio-1-post-2215\" class=\"fusion-portfolio-post tours-in-estonia fusion-col-spacing post-2215\"><div class=\"fusion-portfolio-content-wrapper\" style=\"border:1px solid #ebeaea;border-bottom-width:3px;background-color:rgba(255,255,255,0);\"><span class=\"vcard rich-snippet-hidden\"><span class=\"fn\"><a href=\"https:\/\/lahemaaturism.ee\/en\/author\/casperdisain\/\" title=\"Posts by Disain Casper\" rel=\"author\">Disain Casper<\/a><\/span><\/span><span class=\"updated rich-snippet-hidden\">2021-02-07T20:41:50+02:00<\/span><div  class=\"fusion-image-wrapper\" aria-haspopup=\"true\">\n\t\t\t\t\t\t\t<a href=\"https:\/\/lahemaaturism.ee\/en\/tours\/discover-beautiful-islet-kessulaid\/?portfolioCats=60\" aria-label=\"Discover beautiful islet Kessulaid\">\n\t\t\t\t\t\t\t<img decoding=\"async\" width=\"1440\" height=\"1080\" src=\"https:\/\/lahemaaturism.ee\/wp-content\/uploads\/2021\/02\/Kessulaid-7-min.jpg\" class=\"attachment-full size-full wp-post-image\" alt=\"\" srcset=\"https:\/\/lahemaaturism.ee\/wp-content\/uploads\/2021\/02\/Kessulaid-7-min-200x150.jpg 200w, https:\/\/lahemaaturism.ee\/wp-content\/uploads\/2021\/02\/Kessulaid-7-min-400x300.jpg 400w, https:\/\/lahemaaturism.ee\/wp-content\/uploads\/2021\/02\/Kessulaid-7-min-600x450.jpg 600w, https:\/\/lahemaaturism.ee\/wp-content\/uploads\/2021\/02\/Kessulaid-7-min-800x600.jpg 800w, https:\/\/lahemaaturism.ee\/wp-content\/uploads\/2021\/02\/Kessulaid-7-min-1200x900.jpg 1200w, https:\/\/lahemaaturism.ee\/wp-content\/uploads\/2021\/02\/Kessulaid-7-min.jpg 1440w\" sizes=\"(min-width: 2200px) 100vw, (min-width: 784px) 387px, (min-width: 712px) 580px, (min-width: 640px) 712px, \" \/>\t\t\t<\/a>\n\t\t\t\t\t\t\t<\/div>\n<div class=\"fusion-portfolio-content\" style=\"background-color:rgba(255,255,255,0);\"><h2 class=\"entry-title fusion-post-title\"><a href=\"https:\/\/lahemaaturism.ee\/en\/tours\/discover-beautiful-islet-kessulaid\/?portfolioCats=60\">Discover beautiful islet Kessulaid<\/a><\/h2><div class=\"fusion-content-sep sep-none\" style=\"border-color:#ebeaea;\"><\/div><div class=\"fusion-post-content\"><p>Kessulaid is the oldest and highest islet in Estonia. The nature of istet is versatile - Kesse Bank with its height up to 8.5 m offers gorgeous views, on the western side of the islet there is a sandy beach. Kesselaid is a part of the biospheric protection area. On the islet 16 species of orchids are counted.<\/p><\/div><\/div><\/div><\/article><article id=\"portfolio-1-post-2230\" class=\"fusion-portfolio-post tours-in-estonia fusion-col-spacing post-2230\"><div class=\"fusion-portfolio-content-wrapper\" style=\"border:1px solid #ebeaea;border-bottom-width:3px;background-color:rgba(255,255,255,0);\"><span class=\"vcard rich-snippet-hidden\"><span class=\"fn\"><a href=\"https:\/\/lahemaaturism.ee\/en\/author\/casperdisain\/\" title=\"Posts by Disain Casper\" rel=\"author\">Disain Casper<\/a><\/span><\/span><span class=\"updated rich-snippet-hidden\">2021-02-07T21:32:43+02:00<\/span><div  class=\"fusion-image-wrapper\" aria-haspopup=\"true\">\n\t\t\t\t\t\t\t<a href=\"https:\/\/lahemaaturism.ee\/en\/tours\/discover-the-northeastern-part-of-estonia-1-day\/?portfolioCats=60\" aria-label=\"Discover the northeastern part of Estonia 1 day.\">\n\t\t\t\t\t\t\t<img decoding=\"async\" width=\"1440\" height=\"1080\" src=\"https:\/\/lahemaaturism.ee\/wp-content\/uploads\/2021\/02\/AnyConv.com__Sillam\u00e4e-5.jpg\" class=\"attachment-full size-full wp-post-image\" alt=\"\" srcset=\"https:\/\/lahemaaturism.ee\/wp-content\/uploads\/2021\/02\/AnyConv.com__Sillam\u00e4e-5-200x150.jpg 200w, https:\/\/lahemaaturism.ee\/wp-content\/uploads\/2021\/02\/AnyConv.com__Sillam\u00e4e-5-400x300.jpg 400w, https:\/\/lahemaaturism.ee\/wp-content\/uploads\/2021\/02\/AnyConv.com__Sillam\u00e4e-5-600x450.jpg 600w, https:\/\/lahemaaturism.ee\/wp-content\/uploads\/2021\/02\/AnyConv.com__Sillam\u00e4e-5-800x600.jpg 800w, https:\/\/lahemaaturism.ee\/wp-content\/uploads\/2021\/02\/AnyConv.com__Sillam\u00e4e-5-1200x900.jpg 1200w, https:\/\/lahemaaturism.ee\/wp-content\/uploads\/2021\/02\/AnyConv.com__Sillam\u00e4e-5.jpg 1440w\" sizes=\"(min-width: 2200px) 100vw, (min-width: 784px) 387px, (min-width: 712px) 580px, (min-width: 640px) 712px, \" \/>\t\t\t<\/a>\n\t\t\t\t\t\t\t<\/div>\n<div class=\"fusion-portfolio-content\" style=\"background-color:rgba(255,255,255,0);\"><h2 class=\"entry-title fusion-post-title\"><a href=\"https:\/\/lahemaaturism.ee\/en\/tours\/discover-the-northeastern-part-of-estonia-1-day\/?portfolioCats=60\">Discover the northeastern part of Estonia 1 day.<\/a><\/h2><div class=\"fusion-content-sep sep-none\" style=\"border-color:#ebeaea;\"><\/div><div class=\"fusion-post-content\"><p>We will admire the view from Estonia\u2019s highest limestone cliff Ontika and the highest waterfall in Estonia \u2013 Valaste waterfall. We will visit magnificent Oru Park and examine the buildings from the post-war period of Stalin, classical avenues, baeutiful Sillam\u00e4e Cultural Centre and Museum with exhibition of the soviet time.<\/p><\/div><\/div><\/div><\/article><article id=\"portfolio-1-post-2251\" class=\"fusion-portfolio-post tours-in-estonia fusion-col-spacing post-2251\"><div class=\"fusion-portfolio-content-wrapper\" style=\"border:1px solid #ebeaea;border-bottom-width:3px;background-color:rgba(255,255,255,0);\"><span class=\"vcard rich-snippet-hidden\"><span class=\"fn\"><a href=\"https:\/\/lahemaaturism.ee\/en\/author\/casperdisain\/\" title=\"Posts by Disain Casper\" rel=\"author\">Disain Casper<\/a><\/span><\/span><span class=\"updated rich-snippet-hidden\">2021-02-16T19:21:01+02:00<\/span><div  class=\"fusion-image-wrapper\" aria-haspopup=\"true\">\n\t\t\t\t\t\t\t<a href=\"https:\/\/lahemaaturism.ee\/en\/tours\/cultural-trips-in-lahemaa-1-or-more-days\/?portfolioCats=60\" aria-label=\"Cultural Trips in Lahemaa 1 or more days.\">\n\t\t\t\t\t\t\t<img decoding=\"async\" width=\"1000\" height=\"750\" src=\"https:\/\/lahemaaturism.ee\/wp-content\/uploads\/2018\/04\/DSC07142.jpg\" class=\"attachment-full size-full wp-post-image\" alt=\"\" srcset=\"https:\/\/lahemaaturism.ee\/wp-content\/uploads\/2018\/04\/DSC07142-200x150.jpg 200w, https:\/\/lahemaaturism.ee\/wp-content\/uploads\/2018\/04\/DSC07142-400x300.jpg 400w, https:\/\/lahemaaturism.ee\/wp-content\/uploads\/2018\/04\/DSC07142-600x450.jpg 600w, https:\/\/lahemaaturism.ee\/wp-content\/uploads\/2018\/04\/DSC07142-800x600.jpg 800w, https:\/\/lahemaaturism.ee\/wp-content\/uploads\/2018\/04\/DSC07142.jpg 1000w\" sizes=\"(min-width: 2200px) 100vw, (min-width: 784px) 387px, (min-width: 712px) 580px, (min-width: 640px) 712px, \" \/>\t\t\t<\/a>\n\t\t\t\t\t\t\t<\/div>\n<div class=\"fusion-portfolio-content\" style=\"background-color:rgba(255,255,255,0);\"><h2 class=\"entry-title fusion-post-title\"><a href=\"https:\/\/lahemaaturism.ee\/en\/tours\/cultural-trips-in-lahemaa-1-or-more-days\/?portfolioCats=60\">Cultural Trips in Lahemaa 1 or more days.<\/a><\/h2><div class=\"fusion-content-sep sep-none\" style=\"border-color:#ebeaea;\"><\/div><div class=\"fusion-post-content\"><p>During the cultural trip we visit beautifully restored manor houses in magnificent parks, walk in our traditional fisherman villages where inhabitants are still living, visit a romantic captains' village of K\u00e4smu with Maritime Museum or Museum of Art in Viinistu.<\/p><\/div><\/div><\/div><\/article><\/div><\/div><\/div><\/div><\/div><\/div><\/p>\n","protected":false},"excerpt":{"rendered":"","protected":false},"author":4,"featured_media":0,"parent":0,"menu_order":0,"comment_status":"closed","ping_status":"closed","template":"100-width.php","meta":{"footnotes":""},"class_list":["post-2176","page","type-page","status-publish","hentry"],"yoast_head":"<!-- This site is optimized with the Yoast SEO plugin v27.2 - https:\/\/yoast.com\/product\/yoast-seo-wordpress\/ -->\n<title>Tours in Estonia - Lahemaa \u00d6koturism<\/title>\n<meta name=\"robots\" content=\"index, follow, max-snippet:-1, max-image-preview:large, max-video-preview:-1\" \/>\n<link rel=\"canonical\" href=\"https:\/\/lahemaaturism.ee\/en\/tours-in-estonia\/\" \/>\n<meta property=\"og:locale\" content=\"en_US\" \/>\n<meta property=\"og:type\" content=\"article\" \/>\n<meta property=\"og:title\" content=\"Tours in Estonia - Lahemaa \u00d6koturism\" \/>\n<meta property=\"og:url\" content=\"https:\/\/lahemaaturism.ee\/en\/tours-in-estonia\/\" \/>\n<meta property=\"og:site_name\" content=\"Lahemaa \u00d6koturism\" \/>\n<meta property=\"article:modified_time\" content=\"2021-02-07T20:32:23+00:00\" \/>\n<meta name=\"twitter:card\" content=\"summary_large_image\" \/>\n<meta name=\"twitter:label1\" content=\"Est. reading time\" \/>\n\t<meta name=\"twitter:data1\" content=\"4 minutes\" \/>\n<script type=\"application\/ld+json\" class=\"yoast-schema-graph\">{\"@context\":\"https:\/\/schema.org\",\"@graph\":[{\"@type\":\"WebPage\",\"@id\":\"https:\/\/lahemaaturism.ee\/en\/tours-in-estonia\/\",\"url\":\"https:\/\/lahemaaturism.ee\/en\/tours-in-estonia\/\",\"name\":\"Tours in Estonia - Lahemaa \u00d6koturism\",\"isPartOf\":{\"@id\":\"https:\/\/lahemaaturism.ee\/#website\"},\"datePublished\":\"2021-02-05T16:12:42+00:00\",\"dateModified\":\"2021-02-07T20:32:23+00:00\",\"breadcrumb\":{\"@id\":\"https:\/\/lahemaaturism.ee\/en\/tours-in-estonia\/#breadcrumb\"},\"inLanguage\":\"en-US\",\"potentialAction\":[{\"@type\":\"ReadAction\",\"target\":[\"https:\/\/lahemaaturism.ee\/en\/tours-in-estonia\/\"]}]},{\"@type\":\"BreadcrumbList\",\"@id\":\"https:\/\/lahemaaturism.ee\/en\/tours-in-estonia\/#breadcrumb\",\"itemListElement\":[{\"@type\":\"ListItem\",\"position\":1,\"name\":\"Home\",\"item\":\"https:\/\/lahemaaturism.ee\/en\/avaleht\/\"},{\"@type\":\"ListItem\",\"position\":2,\"name\":\"Tours in Estonia\"}]},{\"@type\":\"WebSite\",\"@id\":\"https:\/\/lahemaaturism.ee\/#website\",\"url\":\"https:\/\/lahemaaturism.ee\/\",\"name\":\"Lahemaa \u00d6koturism\",\"description\":\"Keskkonnas\u00f5bralikud r\u00e4nnakud l\u00e4bi imelise Lahemaa looduse ja kultuurip\u00e4randi\",\"potentialAction\":[{\"@type\":\"SearchAction\",\"target\":{\"@type\":\"EntryPoint\",\"urlTemplate\":\"https:\/\/lahemaaturism.ee\/?s={search_term_string}\"},\"query-input\":{\"@type\":\"PropertyValueSpecification\",\"valueRequired\":true,\"valueName\":\"search_term_string\"}}],\"inLanguage\":\"en-US\"}]}<\/script>\n<!-- \/ Yoast SEO plugin. -->","yoast_head_json":{"title":"Tours in Estonia - Lahemaa \u00d6koturism","robots":{"index":"index","follow":"follow","max-snippet":"max-snippet:-1","max-image-preview":"max-image-preview:large","max-video-preview":"max-video-preview:-1"},"canonical":"https:\/\/lahemaaturism.ee\/en\/tours-in-estonia\/","og_locale":"en_US","og_type":"article","og_title":"Tours in Estonia - Lahemaa \u00d6koturism","og_url":"https:\/\/lahemaaturism.ee\/en\/tours-in-estonia\/","og_site_name":"Lahemaa \u00d6koturism","article_modified_time":"2021-02-07T20:32:23+00:00","twitter_card":"summary_large_image","twitter_misc":{"Est. reading time":"4 minutes"},"schema":{"@context":"https:\/\/schema.org","@graph":[{"@type":"WebPage","@id":"https:\/\/lahemaaturism.ee\/en\/tours-in-estonia\/","url":"https:\/\/lahemaaturism.ee\/en\/tours-in-estonia\/","name":"Tours in Estonia - Lahemaa \u00d6koturism","isPartOf":{"@id":"https:\/\/lahemaaturism.ee\/#website"},"datePublished":"2021-02-05T16:12:42+00:00","dateModified":"2021-02-07T20:32:23+00:00","breadcrumb":{"@id":"https:\/\/lahemaaturism.ee\/en\/tours-in-estonia\/#breadcrumb"},"inLanguage":"en-US","potentialAction":[{"@type":"ReadAction","target":["https:\/\/lahemaaturism.ee\/en\/tours-in-estonia\/"]}]},{"@type":"BreadcrumbList","@id":"https:\/\/lahemaaturism.ee\/en\/tours-in-estonia\/#breadcrumb","itemListElement":[{"@type":"ListItem","position":1,"name":"Home","item":"https:\/\/lahemaaturism.ee\/en\/avaleht\/"},{"@type":"ListItem","position":2,"name":"Tours in Estonia"}]},{"@type":"WebSite","@id":"https:\/\/lahemaaturism.ee\/#website","url":"https:\/\/lahemaaturism.ee\/","name":"Lahemaa \u00d6koturism","description":"Keskkonnas\u00f5bralikud r\u00e4nnakud l\u00e4bi imelise Lahemaa looduse ja kultuurip\u00e4randi","potentialAction":[{"@type":"SearchAction","target":{"@type":"EntryPoint","urlTemplate":"https:\/\/lahemaaturism.ee\/?s={search_term_string}"},"query-input":{"@type":"PropertyValueSpecification","valueRequired":true,"valueName":"search_term_string"}}],"inLanguage":"en-US"}]}},"_links":{"self":[{"href":"https:\/\/lahemaaturism.ee\/en\/wp-json\/wp\/v2\/pages\/2176","targetHints":{"allow":["GET"]}}],"collection":[{"href":"https:\/\/lahemaaturism.ee\/en\/wp-json\/wp\/v2\/pages"}],"about":[{"href":"https:\/\/lahemaaturism.ee\/en\/wp-json\/wp\/v2\/types\/page"}],"author":[{"embeddable":true,"href":"https:\/\/lahemaaturism.ee\/en\/wp-json\/wp\/v2\/users\/4"}],"replies":[{"embeddable":true,"href":"https:\/\/lahemaaturism.ee\/en\/wp-json\/wp\/v2\/comments?post=2176"}],"version-history":[{"count":2,"href":"https:\/\/lahemaaturism.ee\/en\/wp-json\/wp\/v2\/pages\/2176\/revisions"}],"predecessor-version":[{"id":2254,"href":"https:\/\/lahemaaturism.ee\/en\/wp-json\/wp\/v2\/pages\/2176\/revisions\/2254"}],"wp:attachment":[{"href":"https:\/\/lahemaaturism.ee\/en\/wp-json\/wp\/v2\/media?parent=2176"}],"curies":[{"name":"wp","href":"https:\/\/api.w.org\/{rel}","templated":true}]}}