{"id":2181,"date":"2021-02-07T20:06:02","date_gmt":"2021-02-07T18:06:02","guid":{"rendered":"https:\/\/lahemaaturism.ee\/?page_id=2181"},"modified":"2021-02-07T22:32:04","modified_gmt":"2021-02-07T20:32:04","slug":"tours-in-latvia-and-lithuania","status":"publish","type":"page","link":"https:\/\/lahemaaturism.ee\/en\/tours-in-latvia-and-lithuania\/","title":{"rendered":"Tours in Latvia and Lithuania"},"content":{"rendered":"<p><div class=\"fusion-fullwidth fullwidth-box fusion-builder-row-1 fusion-flex-container fusion-parallax-none hundred-percent-fullwidth non-hundred-percent-height-scrolling\" style=\"--awb-background-blend-mode:overlay;--awb-border-radius-top-left:0px;--awb-border-radius-top-right:0px;--awb-border-radius-bottom-right:0px;--awb-border-radius-bottom-left:0px;--awb-background-color:rgba(0,4,51,0.2);--awb-background-image:url(&quot;https:\/\/lahemaaturism.ee\/wp-content\/uploads\/2021\/02\/Leedu-1-1.jpg&quot;);--awb-background-size:cover;--awb-flex-wrap:wrap;\" ><div class=\"fusion-builder-row fusion-row fusion-flex-align-items-flex-start fusion-flex-content-wrap\" style=\"width:104% !important;max-width:104% !important;margin-left: calc(-4% \/ 2 );margin-right: calc(-4% \/ 2 );\"><div class=\"fusion-layout-column fusion_builder_column fusion-builder-column-0 fusion_builder_column_3_4 3_4 fusion-flex-column\" style=\"--awb-padding-top:300px;--awb-padding-bottom:60px;--awb-bg-size:cover;--awb-width-large:75%;--awb-margin-top-large:0px;--awb-spacing-right-large:3.84%;--awb-margin-bottom-large:20px;--awb-spacing-left-large:2.56%;--awb-width-medium:75%;--awb-spacing-right-medium:3.84%;--awb-spacing-left-medium:2.56%;--awb-width-small:100%;--awb-spacing-right-small:1.92%;--awb-spacing-left-small:1.92%;\"><div class=\"fusion-column-wrapper fusion-flex-justify-content-flex-start fusion-content-layout-column\"><div class=\"fusion-title title fusion-title-1 fusion-sep-none fusion-title-text fusion-title-size-one\" style=\"--awb-margin-bottom:10px;--awb-margin-top-small:0px;--awb-margin-right-small:0px;--awb-margin-bottom-small:20px;--awb-margin-left-small:0px;\"><h1 class=\"fusion-title-heading title-heading-left fusion-responsive-typography-calculated\" style=\"margin:0;--fontSize:45.15;line-height:1.4;\">Tours in Latvia and Lithuania<\/h1><\/div><div class=\"fusion-text fusion-text-1\"><\/div><i class=\"fb-icon-element-1 fb-icon-element fontawesome-icon fa fa-chevron-down circle-no fusion-text-flow fusion-animated\" style=\"--awb-iconcolor-hover:#ffffff;--awb-font-size:22px;--awb-margin-right:11px;\" data-animationType=\"bounceInDown\" data-animationDuration=\"0.1\" data-animationOffset=\"top-into-view\"><\/i><\/div><\/div><div class=\"fusion-layout-column fusion_builder_column fusion-builder-column-1 fusion_builder_column_1_4 1_4 fusion-flex-column fusion-no-small-visibility\" style=\"--awb-bg-size:cover;--awb-width-large:25%;--awb-margin-top-large:0px;--awb-spacing-right-large:7.68%;--awb-margin-bottom-large:20px;--awb-spacing-left-large:3.84%;--awb-width-medium:25%;--awb-spacing-right-medium:7.68%;--awb-spacing-left-medium:3.84%;--awb-width-small:100%;--awb-spacing-right-small:1.92%;--awb-spacing-left-small:1.92%;\"><div class=\"fusion-column-wrapper fusion-flex-justify-content-flex-start fusion-content-layout-column\"><\/div><\/div><\/div><\/div><div class=\"fusion-fullwidth fullwidth-box fusion-builder-row-2 fusion-flex-container nonhundred-percent-fullwidth non-hundred-percent-height-scrolling\" style=\"--awb-border-radius-top-left:0px;--awb-border-radius-top-right:0px;--awb-border-radius-bottom-right:0px;--awb-border-radius-bottom-left:0px;--awb-padding-top:30px;--awb-flex-wrap:wrap;\" ><div class=\"fusion-builder-row fusion-row fusion-flex-align-items-flex-start fusion-flex-content-wrap\" style=\"max-width:calc( 1200px + 0px );margin-left: calc(-0px \/ 2 );margin-right: calc(-0px \/ 2 );\"><div class=\"fusion-layout-column fusion_builder_column fusion-builder-column-2 fusion_builder_column_1_1 1_1 fusion-flex-column\" style=\"--awb-bg-size:cover;--awb-width-large:100%;--awb-margin-top-large:0px;--awb-spacing-right-large:0px;--awb-margin-bottom-large:0px;--awb-spacing-left-large:0px;--awb-width-medium:100%;--awb-spacing-right-medium:0px;--awb-spacing-left-medium:0px;--awb-width-small:100%;--awb-spacing-right-small:0px;--awb-spacing-left-small:0px;\"><div class=\"fusion-column-wrapper fusion-flex-justify-content-flex-start fusion-content-layout-column\"><style type=\"text\/css\">.fusion-portfolio-wrapper#fusion-portfolio-1 .fusion-portfolio-content{ padding: 25px 25px 25px 25px; text-align: left; }<\/style><div class=\"fusion-recent-works fusion-portfolio-element fusion-portfolio fusion-portfolio-1 fusion-portfolio-grid fusion-portfolio-paging-pagination fusion-portfolio-three fusion-portfolio-boxed fusion-portfolio-text fusion-portfolio-equal-heights\" data-id=\"-rw-1\" data-columns=\"three\"><style type=\"text\/css\">.fusion-portfolio-1 .fusion-portfolio-wrapper .fusion-col-spacing{padding:10px;}<\/style><div class=\"fusion-portfolio-wrapper\" id=\"fusion-portfolio-1\" data-picturesize=\"auto\" data-pages=\"1\" style=\"margin:-10px;\"><article id=\"portfolio-1-post-2185\" class=\"fusion-portfolio-post tours-in-latvia-and-lithuania fusion-col-spacing post-2185\"><div class=\"fusion-portfolio-content-wrapper\" style=\"border:1px solid #ebeaea;border-bottom-width:3px;background-color:rgba(255,255,255,0);\"><span class=\"vcard rich-snippet-hidden\"><span class=\"fn\"><a href=\"https:\/\/lahemaaturism.ee\/en\/author\/casperdisain\/\" title=\"Posts by Disain Casper\" rel=\"author\">Disain Casper<\/a><\/span><\/span><span class=\"updated rich-snippet-hidden\">2021-02-07T20:51:09+02:00<\/span><div  class=\"fusion-image-wrapper\" aria-haspopup=\"true\">\n\t\t\t\t\t\t\t<a href=\"https:\/\/lahemaaturism.ee\/en\/tours\/exploring-nemunas-delta-4-days-tour-in-lithuania-nature-from-tallinn\/?portfolioCats=61\" aria-label=\"Exploring Nemunas Delta  &#8211; 4 days tour in Lithuania nature (from Tallinn)\">\n\t\t\t\t\t\t\t<img decoding=\"async\" width=\"1488\" height=\"1113\" src=\"https:\/\/lahemaaturism.ee\/wp-content\/uploads\/2021\/02\/Leedu-1-1.jpg\" class=\"attachment-full size-full wp-post-image\" alt=\"\" srcset=\"https:\/\/lahemaaturism.ee\/wp-content\/uploads\/2021\/02\/Leedu-1-1-200x150.jpg 200w, https:\/\/lahemaaturism.ee\/wp-content\/uploads\/2021\/02\/Leedu-1-1-400x299.jpg 400w, https:\/\/lahemaaturism.ee\/wp-content\/uploads\/2021\/02\/Leedu-1-1-600x449.jpg 600w, https:\/\/lahemaaturism.ee\/wp-content\/uploads\/2021\/02\/Leedu-1-1-800x598.jpg 800w, https:\/\/lahemaaturism.ee\/wp-content\/uploads\/2021\/02\/Leedu-1-1-1200x898.jpg 1200w, https:\/\/lahemaaturism.ee\/wp-content\/uploads\/2021\/02\/Leedu-1-1.jpg 1488w\" sizes=\"(min-width: 2200px) 100vw, (min-width: 784px) 387px, (min-width: 712px) 580px, (min-width: 640px) 712px, \" \/>\t\t\t<\/a>\n\t\t\t\t\t\t\t<\/div>\n<div class=\"fusion-portfolio-content\" style=\"background-color:rgba(255,255,255,0);\"><h2 class=\"entry-title fusion-post-title\"><a href=\"https:\/\/lahemaaturism.ee\/en\/tours\/exploring-nemunas-delta-4-days-tour-in-lithuania-nature-from-tallinn\/?portfolioCats=61\">Exploring Nemunas Delta  &#8211; 4 days tour in Lithuania nature (from Tallinn)<\/a><\/h2><div class=\"fusion-content-sep sep-none\" style=\"border-color:#ebeaea;\"><\/div><div class=\"fusion-post-content\"><p>We will have a boat trip around Nemunas delta, see channels, birds, lighthouses, Curonian Lagoon, visit lighthouse, the border section, churches. We will learn to smoke fish, walk on the Auk\u0161tumal\u0117 cognitive trail, get culinary heritage education. Visit the ornithological station, the former \u0160ilut\u0117 Prison and the Macikai Concentration Camp.<\/p><\/div><\/div><\/div><\/article><article id=\"portfolio-1-post-2190\" class=\"fusion-portfolio-post tours-in-latvia-and-lithuania fusion-col-spacing post-2190\"><div class=\"fusion-portfolio-content-wrapper\" style=\"border:1px solid #ebeaea;border-bottom-width:3px;background-color:rgba(255,255,255,0);\"><span class=\"vcard rich-snippet-hidden\"><span class=\"fn\"><a href=\"https:\/\/lahemaaturism.ee\/en\/author\/casperdisain\/\" title=\"Posts by Disain Casper\" rel=\"author\">Disain Casper<\/a><\/span><\/span><span class=\"updated rich-snippet-hidden\">2021-02-07T20:51:56+02:00<\/span><div  class=\"fusion-image-wrapper\" aria-haspopup=\"true\">\n\t\t\t\t\t\t\t<a href=\"https:\/\/lahemaaturism.ee\/en\/tours\/2-days-trip-to-ligatne\/?portfolioCats=61\" aria-label=\"2 days trip to Ligatne \u2013 beautiful nature and interesting history.\">\n\t\t\t\t\t\t\t<img decoding=\"async\" width=\"1488\" height=\"1113\" src=\"https:\/\/lahemaaturism.ee\/wp-content\/uploads\/2021\/02\/Ligatne-kalju-1.jpg\" class=\"attachment-full size-full wp-post-image\" alt=\"\" srcset=\"https:\/\/lahemaaturism.ee\/wp-content\/uploads\/2021\/02\/Ligatne-kalju-1-200x150.jpg 200w, https:\/\/lahemaaturism.ee\/wp-content\/uploads\/2021\/02\/Ligatne-kalju-1-400x299.jpg 400w, https:\/\/lahemaaturism.ee\/wp-content\/uploads\/2021\/02\/Ligatne-kalju-1-600x449.jpg 600w, https:\/\/lahemaaturism.ee\/wp-content\/uploads\/2021\/02\/Ligatne-kalju-1-800x598.jpg 800w, https:\/\/lahemaaturism.ee\/wp-content\/uploads\/2021\/02\/Ligatne-kalju-1-1200x898.jpg 1200w, https:\/\/lahemaaturism.ee\/wp-content\/uploads\/2021\/02\/Ligatne-kalju-1.jpg 1488w\" sizes=\"(min-width: 2200px) 100vw, (min-width: 784px) 387px, (min-width: 712px) 580px, (min-width: 640px) 712px, \" \/>\t\t\t<\/a>\n\t\t\t\t\t\t\t<\/div>\n<div class=\"fusion-portfolio-content\" style=\"background-color:rgba(255,255,255,0);\"><h2 class=\"entry-title fusion-post-title\"><a href=\"https:\/\/lahemaaturism.ee\/en\/tours\/2-days-trip-to-ligatne\/?portfolioCats=61\">2 days trip to Ligatne \u2013 beautiful nature and interesting history.<\/a><\/h2><div class=\"fusion-content-sep sep-none\" style=\"border-color:#ebeaea;\"><\/div><div class=\"fusion-post-content\"><p>We will visit \u0100rai\u0161i Lake Castle - the only reconstruction of a 8\/9 \u2013 10th century fortified settlement in Europe, Ungurmui\u017ea manor - the unique Latvian baroque style wooden building with its one-off wall-paintings heartily.  L\u012bgatnes paper mill and the historical center of the paper mill village, secret bunker of soviet tyime,\tsandstone caves. Have a beer tasting in Raiskums beer factory.<\/p><\/div><\/div><\/div><\/article><article id=\"portfolio-1-post-2255\" class=\"fusion-portfolio-post tours-in-latvia-and-lithuania fusion-col-spacing post-2255\"><div class=\"fusion-portfolio-content-wrapper\" style=\"border:1px solid #ebeaea;border-bottom-width:3px;background-color:rgba(255,255,255,0);\"><span class=\"vcard rich-snippet-hidden\"><span class=\"fn\"><a href=\"https:\/\/lahemaaturism.ee\/en\/author\/casperdisain\/\" title=\"Posts by Disain Casper\" rel=\"author\">Disain Casper<\/a><\/span><\/span><span class=\"updated rich-snippet-hidden\">2021-02-07T22:38:22+02:00<\/span><div  class=\"fusion-image-wrapper\" aria-haspopup=\"true\">\n\t\t\t\t\t\t\t<a href=\"https:\/\/lahemaaturism.ee\/en\/tours\/wonderful-palaces-and-chateaus-of-latvia-3-days\/?portfolioCats=61\" aria-label=\"Wonderful palaces and chateaus of Latvia &#8211; 3 days\">\n\t\t\t\t\t\t\t<img decoding=\"async\" width=\"1440\" height=\"1080\" src=\"https:\/\/lahemaaturism.ee\/wp-content\/uploads\/2021\/02\/L\u00e4ti-Jelgava-loss-v\u00e4hendatud.jpg\" class=\"attachment-full size-full wp-post-image\" alt=\"\" srcset=\"https:\/\/lahemaaturism.ee\/wp-content\/uploads\/2021\/02\/L\u00e4ti-Jelgava-loss-v\u00e4hendatud-200x150.jpg 200w, https:\/\/lahemaaturism.ee\/wp-content\/uploads\/2021\/02\/L\u00e4ti-Jelgava-loss-v\u00e4hendatud-400x300.jpg 400w, https:\/\/lahemaaturism.ee\/wp-content\/uploads\/2021\/02\/L\u00e4ti-Jelgava-loss-v\u00e4hendatud-600x450.jpg 600w, https:\/\/lahemaaturism.ee\/wp-content\/uploads\/2021\/02\/L\u00e4ti-Jelgava-loss-v\u00e4hendatud-800x600.jpg 800w, https:\/\/lahemaaturism.ee\/wp-content\/uploads\/2021\/02\/L\u00e4ti-Jelgava-loss-v\u00e4hendatud-1200x900.jpg 1200w, https:\/\/lahemaaturism.ee\/wp-content\/uploads\/2021\/02\/L\u00e4ti-Jelgava-loss-v\u00e4hendatud.jpg 1440w\" sizes=\"(min-width: 2200px) 100vw, (min-width: 784px) 387px, (min-width: 712px) 580px, (min-width: 640px) 712px, \" \/>\t\t\t<\/a>\n\t\t\t\t\t\t\t<\/div>\n<div class=\"fusion-portfolio-content\" style=\"background-color:rgba(255,255,255,0);\"><h2 class=\"entry-title fusion-post-title\"><a href=\"https:\/\/lahemaaturism.ee\/en\/tours\/wonderful-palaces-and-chateaus-of-latvia-3-days\/?portfolioCats=61\">Wonderful palaces and chateaus of Latvia &#8211; 3 days<\/a><\/h2><div class=\"fusion-content-sep sep-none\" style=\"border-color:#ebeaea;\"><\/div><div class=\"fusion-post-content\"><p>During the trip we will visit two major baroque palaces in Latvia, built for the Dukes of Courland - Rund\u0101le and Jelgava Palace. We will also visit Me\u017eotne Palace - one of the brightest examples of classicism architecture, Eleja manor park and restored Tea house, excursion in Lielplatone manor house and restored manor laundry. And lot of more interesting places.<\/p><\/div><\/div><\/div><\/article><\/div><\/div><\/div><\/div><\/div><\/div><\/p>\n","protected":false},"excerpt":{"rendered":"","protected":false},"author":4,"featured_media":0,"parent":0,"menu_order":0,"comment_status":"closed","ping_status":"closed","template":"100-width.php","meta":{"footnotes":""},"class_list":["post-2181","page","type-page","status-publish","hentry"],"yoast_head":"<!-- This site is optimized with the Yoast SEO plugin v27.2 - https:\/\/yoast.com\/product\/yoast-seo-wordpress\/ -->\n<title>Tours in Latvia and Lithuania - Lahemaa \u00d6koturism<\/title>\n<meta name=\"robots\" content=\"index, follow, max-snippet:-1, max-image-preview:large, max-video-preview:-1\" \/>\n<link rel=\"canonical\" href=\"https:\/\/lahemaaturism.ee\/en\/tours-in-latvia-and-lithuania\/\" \/>\n<meta property=\"og:locale\" content=\"en_US\" \/>\n<meta property=\"og:type\" content=\"article\" \/>\n<meta property=\"og:title\" content=\"Tours in Latvia and Lithuania - Lahemaa \u00d6koturism\" \/>\n<meta property=\"og:url\" content=\"https:\/\/lahemaaturism.ee\/en\/tours-in-latvia-and-lithuania\/\" \/>\n<meta property=\"og:site_name\" content=\"Lahemaa \u00d6koturism\" \/>\n<meta property=\"article:modified_time\" content=\"2021-02-07T20:32:04+00:00\" \/>\n<meta name=\"twitter:card\" content=\"summary_large_image\" \/>\n<meta name=\"twitter:label1\" content=\"Est. reading time\" \/>\n\t<meta name=\"twitter:data1\" content=\"4 minutes\" \/>\n<script type=\"application\/ld+json\" class=\"yoast-schema-graph\">{\"@context\":\"https:\/\/schema.org\",\"@graph\":[{\"@type\":\"WebPage\",\"@id\":\"https:\/\/lahemaaturism.ee\/en\/tours-in-latvia-and-lithuania\/\",\"url\":\"https:\/\/lahemaaturism.ee\/en\/tours-in-latvia-and-lithuania\/\",\"name\":\"Tours in Latvia and Lithuania - Lahemaa \u00d6koturism\",\"isPartOf\":{\"@id\":\"https:\/\/lahemaaturism.ee\/#website\"},\"datePublished\":\"2021-02-07T18:06:02+00:00\",\"dateModified\":\"2021-02-07T20:32:04+00:00\",\"breadcrumb\":{\"@id\":\"https:\/\/lahemaaturism.ee\/en\/tours-in-latvia-and-lithuania\/#breadcrumb\"},\"inLanguage\":\"en-US\",\"potentialAction\":[{\"@type\":\"ReadAction\",\"target\":[\"https:\/\/lahemaaturism.ee\/en\/tours-in-latvia-and-lithuania\/\"]}]},{\"@type\":\"BreadcrumbList\",\"@id\":\"https:\/\/lahemaaturism.ee\/en\/tours-in-latvia-and-lithuania\/#breadcrumb\",\"itemListElement\":[{\"@type\":\"ListItem\",\"position\":1,\"name\":\"Home\",\"item\":\"https:\/\/lahemaaturism.ee\/en\/avaleht\/\"},{\"@type\":\"ListItem\",\"position\":2,\"name\":\"Tours in Latvia and Lithuania\"}]},{\"@type\":\"WebSite\",\"@id\":\"https:\/\/lahemaaturism.ee\/#website\",\"url\":\"https:\/\/lahemaaturism.ee\/\",\"name\":\"Lahemaa \u00d6koturism\",\"description\":\"Keskkonnas\u00f5bralikud r\u00e4nnakud l\u00e4bi imelise Lahemaa looduse ja kultuurip\u00e4randi\",\"potentialAction\":[{\"@type\":\"SearchAction\",\"target\":{\"@type\":\"EntryPoint\",\"urlTemplate\":\"https:\/\/lahemaaturism.ee\/?s={search_term_string}\"},\"query-input\":{\"@type\":\"PropertyValueSpecification\",\"valueRequired\":true,\"valueName\":\"search_term_string\"}}],\"inLanguage\":\"en-US\"}]}<\/script>\n<!-- \/ Yoast SEO plugin. -->","yoast_head_json":{"title":"Tours in Latvia and Lithuania - Lahemaa \u00d6koturism","robots":{"index":"index","follow":"follow","max-snippet":"max-snippet:-1","max-image-preview":"max-image-preview:large","max-video-preview":"max-video-preview:-1"},"canonical":"https:\/\/lahemaaturism.ee\/en\/tours-in-latvia-and-lithuania\/","og_locale":"en_US","og_type":"article","og_title":"Tours in Latvia and Lithuania - Lahemaa \u00d6koturism","og_url":"https:\/\/lahemaaturism.ee\/en\/tours-in-latvia-and-lithuania\/","og_site_name":"Lahemaa \u00d6koturism","article_modified_time":"2021-02-07T20:32:04+00:00","twitter_card":"summary_large_image","twitter_misc":{"Est. reading time":"4 minutes"},"schema":{"@context":"https:\/\/schema.org","@graph":[{"@type":"WebPage","@id":"https:\/\/lahemaaturism.ee\/en\/tours-in-latvia-and-lithuania\/","url":"https:\/\/lahemaaturism.ee\/en\/tours-in-latvia-and-lithuania\/","name":"Tours in Latvia and Lithuania - Lahemaa \u00d6koturism","isPartOf":{"@id":"https:\/\/lahemaaturism.ee\/#website"},"datePublished":"2021-02-07T18:06:02+00:00","dateModified":"2021-02-07T20:32:04+00:00","breadcrumb":{"@id":"https:\/\/lahemaaturism.ee\/en\/tours-in-latvia-and-lithuania\/#breadcrumb"},"inLanguage":"en-US","potentialAction":[{"@type":"ReadAction","target":["https:\/\/lahemaaturism.ee\/en\/tours-in-latvia-and-lithuania\/"]}]},{"@type":"BreadcrumbList","@id":"https:\/\/lahemaaturism.ee\/en\/tours-in-latvia-and-lithuania\/#breadcrumb","itemListElement":[{"@type":"ListItem","position":1,"name":"Home","item":"https:\/\/lahemaaturism.ee\/en\/avaleht\/"},{"@type":"ListItem","position":2,"name":"Tours in Latvia and Lithuania"}]},{"@type":"WebSite","@id":"https:\/\/lahemaaturism.ee\/#website","url":"https:\/\/lahemaaturism.ee\/","name":"Lahemaa \u00d6koturism","description":"Keskkonnas\u00f5bralikud r\u00e4nnakud l\u00e4bi imelise Lahemaa looduse ja kultuurip\u00e4randi","potentialAction":[{"@type":"SearchAction","target":{"@type":"EntryPoint","urlTemplate":"https:\/\/lahemaaturism.ee\/?s={search_term_string}"},"query-input":{"@type":"PropertyValueSpecification","valueRequired":true,"valueName":"search_term_string"}}],"inLanguage":"en-US"}]}},"_links":{"self":[{"href":"https:\/\/lahemaaturism.ee\/en\/wp-json\/wp\/v2\/pages\/2181","targetHints":{"allow":["GET"]}}],"collection":[{"href":"https:\/\/lahemaaturism.ee\/en\/wp-json\/wp\/v2\/pages"}],"about":[{"href":"https:\/\/lahemaaturism.ee\/en\/wp-json\/wp\/v2\/types\/page"}],"author":[{"embeddable":true,"href":"https:\/\/lahemaaturism.ee\/en\/wp-json\/wp\/v2\/users\/4"}],"replies":[{"embeddable":true,"href":"https:\/\/lahemaaturism.ee\/en\/wp-json\/wp\/v2\/comments?post=2181"}],"version-history":[{"count":3,"href":"https:\/\/lahemaaturism.ee\/en\/wp-json\/wp\/v2\/pages\/2181\/revisions"}],"predecessor-version":[{"id":2253,"href":"https:\/\/lahemaaturism.ee\/en\/wp-json\/wp\/v2\/pages\/2181\/revisions\/2253"}],"wp:attachment":[{"href":"https:\/\/lahemaaturism.ee\/en\/wp-json\/wp\/v2\/media?parent=2181"}],"curies":[{"name":"wp","href":"https:\/\/api.w.org\/{rel}","templated":true}]}}