{"id":318,"date":"2018-04-05T10:20:52","date_gmt":"2018-04-05T10:20:52","guid":{"rendered":"http:\/\/lahemaaturism.ee\/?page_id=318"},"modified":"2020-03-19T18:18:28","modified_gmt":"2020-03-19T16:18:28","slug":"lahemaa-national-park","status":"publish","type":"page","link":"https:\/\/lahemaaturism.ee\/en\/lahemaa-national-park\/","title":{"rendered":"Lahemaa National Park"},"content":{"rendered":"<p><div class=\"fusion-fullwidth fullwidth-box fusion-builder-row-1 fusion-flex-container fusion-parallax-none hundred-percent-fullwidth non-hundred-percent-height-scrolling\" style=\"--awb-background-blend-mode:overlay;--awb-border-radius-top-left:0px;--awb-border-radius-top-right:0px;--awb-border-radius-bottom-right:0px;--awb-border-radius-bottom-left:0px;--awb-background-color:rgba(0,4,51,0.2);--awb-background-image:url(&quot;https:\/\/lahemaaturism.ee\/wp-content\/uploads\/2018\/03\/hero_1.jpg&quot;);--awb-background-size:cover;--awb-flex-wrap:wrap;\" ><div class=\"fusion-builder-row fusion-row fusion-flex-align-items-flex-start fusion-flex-content-wrap\" style=\"width:104% !important;max-width:104% !important;margin-left: calc(-4% \/ 2 );margin-right: calc(-4% \/ 2 );\"><div class=\"fusion-layout-column fusion_builder_column fusion-builder-column-0 fusion_builder_column_3_4 3_4 fusion-flex-column\" style=\"--awb-padding-top:300px;--awb-padding-bottom:60px;--awb-bg-size:cover;--awb-width-large:75%;--awb-margin-top-large:0px;--awb-spacing-right-large:3.84%;--awb-margin-bottom-large:20px;--awb-spacing-left-large:2.56%;--awb-width-medium:75%;--awb-spacing-right-medium:3.84%;--awb-spacing-left-medium:2.56%;--awb-width-small:100%;--awb-spacing-right-small:1.92%;--awb-spacing-left-small:1.92%;\"><div class=\"fusion-column-wrapper fusion-flex-justify-content-flex-start fusion-content-layout-column\"><div class=\"fusion-title title fusion-title-1 fusion-sep-none fusion-title-text fusion-title-size-one\" style=\"--awb-margin-bottom:10px;--awb-margin-top-small:0px;--awb-margin-right-small:0px;--awb-margin-bottom-small:20px;--awb-margin-left-small:0px;\"><h1 class=\"fusion-title-heading title-heading-left fusion-responsive-typography-calculated\" style=\"margin:0;--fontSize:45.15;line-height:1.4;\">About Lahemaa<\/h1><\/div><div class=\"fusion-text fusion-text-1\"><p class=\"avahero\">Lahemaa is the oldest and largest national park in Estonia representing the nature and cultural heritage, typical of Northern Estonia<\/p>\n<\/div><i class=\"fb-icon-element-1 fb-icon-element fontawesome-icon fa fa-chevron-down circle-no fusion-text-flow fusion-animated\" style=\"--awb-iconcolor-hover:#ffffff;--awb-font-size:22px;--awb-margin-right:11px;\" data-animationType=\"bounceInDown\" data-animationDuration=\"0.1\" data-animationOffset=\"top-into-view\"><\/i><\/div><\/div><div class=\"fusion-layout-column fusion_builder_column fusion-builder-column-1 fusion_builder_column_1_4 1_4 fusion-flex-column fusion-no-small-visibility\" style=\"--awb-bg-size:cover;--awb-width-large:25%;--awb-margin-top-large:0px;--awb-spacing-right-large:7.68%;--awb-margin-bottom-large:20px;--awb-spacing-left-large:3.84%;--awb-width-medium:25%;--awb-spacing-right-medium:7.68%;--awb-spacing-left-medium:3.84%;--awb-width-small:100%;--awb-spacing-right-small:1.92%;--awb-spacing-left-small:1.92%;\"><div class=\"fusion-column-wrapper fusion-flex-justify-content-flex-start fusion-content-layout-column\"><\/div><\/div><\/div><\/div><div class=\"fusion-fullwidth fullwidth-box fusion-builder-row-2 fusion-flex-container nonhundred-percent-fullwidth non-hundred-percent-height-scrolling\" style=\"--awb-border-radius-top-left:0px;--awb-border-radius-top-right:0px;--awb-border-radius-bottom-right:0px;--awb-border-radius-bottom-left:0px;--awb-flex-wrap:wrap;\" ><div class=\"fusion-builder-row fusion-row fusion-flex-align-items-flex-start fusion-flex-content-wrap\" style=\"max-width:1248px;margin-left: calc(-4% \/ 2 );margin-right: calc(-4% \/ 2 );\"><div class=\"fusion-layout-column fusion_builder_column fusion-builder-column-2 fusion_builder_column_2_3 2_3 fusion-flex-column\" style=\"--awb-bg-size:cover;--awb-width-large:66.6666666667%;--awb-margin-top-large:80px;--awb-spacing-right-large:3.84%;--awb-margin-bottom-large:70px;--awb-spacing-left-large:2.88%;--awb-width-medium:66.6666666667%;--awb-spacing-right-medium:3.84%;--awb-spacing-left-medium:2.88%;--awb-width-small:100%;--awb-spacing-right-small:1.92%;--awb-spacing-left-small:1.92%;\"><div class=\"fusion-column-wrapper fusion-flex-justify-content-flex-start fusion-content-layout-column\"><div class=\"fusion-title title fusion-title-2 fusion-sep-none fusion-title-text fusion-title-size-three\" style=\"--awb-margin-bottom:10px;--awb-margin-top-small:0px;--awb-margin-right-small:0px;--awb-margin-bottom-small:20px;--awb-margin-left-small:0px;\"><h3 class=\"fusion-title-heading title-heading-left fusion-responsive-typography-calculated\" style=\"margin:0;--fontSize:28.21875;line-height:1.5;\"><b>Lahemaa national park<\/b><\/h3><\/div><div class=\"fusion-text fusion-text-2\"><p class=\"ox-88085454fe-MsoNormal\">Lahemaa is the oldest (established in 1971) and largest national park in Estonia representing the nature and cultural heritage, typical of\u00a0\u00a0North Estonia. Here You can see picturesque forests with romantik rocks and waterfalls, mysterious bogs, beautiful seashores. There are also many historical places to visit such as our traditional villages, ruins of military objects, beautifully restored manors. You can also visit riding or handicraft farms.<\/p>\n<p class=\"ox-88085454fe-MsoNormal\">You can stay in cozy guesthous or in luxurious hotel,\u00a0\u00a0even come with karavan. You can eat in first class restaurant or in pub, offers the dishes of our ancestors. There is also possible to rent out bicycle.<\/p>\n<\/div><div class=\"fusion-text fusion-text-3\"><p class=\"ox-88085454fe-MsoNormal\"><b>Whole day tour in Lahemaa<\/b><\/p>\n<p class=\"ox-88085454fe-MsoNormal\">If You are interested of seeing more in Lahemaa National Park we suggest a whole day tour. It consists of tour in Viru bog, looking some huge glacial boulders or little waterfalls in forest, visiting our traditional villages near the sea, walking on narrow Cape of Pedassaare, where you can see the sea on two sides of you.<\/p>\n<p class=\"ox-88085454fe-MsoNormal\">You may also have a lunch in some local pub. Whole day trip will take\u00a0<b>7 &#8211; 8<\/b>\u00a0hours. Our price of whole day trip is\u00a0<b>20<\/b>\u00a0euros per hour and it will be\u00a0<b>140-160<\/b>\u00a0euros all together. It does not include the food.<\/p>\n<\/div><div class=\"awb-gallery-wrapper awb-gallery-wrapper-1 button-span-no\"><div style=\"margin:-5px;--awb-bordersize:0px;\" class=\"fusion-gallery fusion-gallery-container fusion-grid-3 fusion-columns-total-7 fusion-gallery-layout-grid fusion-gallery-1\"><div style=\"padding:5px;\" class=\"fusion-grid-column fusion-gallery-column fusion-gallery-column-3 hover-type-zoomin\"><div class=\"fusion-gallery-image\"><a href=\"https:\/\/lahemaaturism.ee\/wp-content\/uploads\/2018\/03\/content_vainupea.jpg\" rel=\"noreferrer\" data-rel=\"iLightbox[gallery_image_1]\" class=\"fusion-lightbox\" target=\"_self\"><img decoding=\"async\" src=\"https:\/\/lahemaaturism.ee\/wp-content\/uploads\/2018\/03\/content_vainupea-460x295.jpg\" width=\"460\" height=\"295\" alt=\"\" title=\"content_vainupea\" aria-label=\"content_vainupea\" class=\"img-responsive wp-image-56 fusion-gallery-image-size-fixed\"  \/><\/a><\/div><\/div><div style=\"padding:5px;\" class=\"fusion-grid-column fusion-gallery-column fusion-gallery-column-3 hover-type-zoomin\"><div class=\"fusion-gallery-image\"><a href=\"https:\/\/lahemaaturism.ee\/wp-content\/uploads\/2018\/03\/content_pedassaare.jpg\" rel=\"noreferrer\" data-rel=\"iLightbox[gallery_image_1]\" class=\"fusion-lightbox\" target=\"_self\"><img decoding=\"async\" src=\"https:\/\/lahemaaturism.ee\/wp-content\/uploads\/2018\/03\/content_pedassaare-460x295.jpg\" width=\"460\" height=\"295\" alt=\"\" title=\"content_pedassaare\" aria-label=\"content_pedassaare\" class=\"img-responsive wp-image-54 fusion-gallery-image-size-fixed\"  \/><\/a><\/div><\/div><div style=\"padding:5px;\" class=\"fusion-grid-column fusion-gallery-column fusion-gallery-column-3 hover-type-zoomin\"><div class=\"fusion-gallery-image\"><a href=\"https:\/\/lahemaaturism.ee\/wp-content\/uploads\/2018\/03\/content_k\u00e4smu.jpg\" rel=\"noreferrer\" data-rel=\"iLightbox[gallery_image_1]\" class=\"fusion-lightbox\" target=\"_self\"><img decoding=\"async\" src=\"https:\/\/lahemaaturism.ee\/wp-content\/uploads\/2018\/03\/content_k\u00e4smu-460x295.jpg\" width=\"460\" height=\"295\" alt=\"\" title=\"content_k\u00e4smu\" aria-label=\"content_k\u00e4smu\" class=\"img-responsive wp-image-51 fusion-gallery-image-size-fixed\"  \/><\/a><\/div><\/div><div class=\"clearfix\"><\/div><div style=\"padding:5px;\" class=\"fusion-grid-column fusion-gallery-column fusion-gallery-column-3 hover-type-zoomin\"><div class=\"fusion-gallery-image\"><a href=\"https:\/\/lahemaaturism.ee\/wp-content\/uploads\/2018\/03\/hero_2-1.jpg\" rel=\"noreferrer\" data-rel=\"iLightbox[gallery_image_1]\" class=\"fusion-lightbox\" target=\"_self\"><img decoding=\"async\" src=\"https:\/\/lahemaaturism.ee\/wp-content\/uploads\/2018\/03\/hero_2-1-460x295.jpg\" width=\"460\" height=\"295\" alt=\"\" title=\"hero_2\" aria-label=\"hero_2\" class=\"img-responsive wp-image-21 fusion-gallery-image-size-fixed\"  \/><\/a><\/div><\/div><div style=\"padding:5px;\" class=\"fusion-grid-column fusion-gallery-column fusion-gallery-column-3 hover-type-zoomin\"><div class=\"fusion-gallery-image\"><a href=\"https:\/\/lahemaaturism.ee\/wp-content\/uploads\/2018\/03\/hero_1-1.jpg\" rel=\"noreferrer\" data-rel=\"iLightbox[gallery_image_1]\" class=\"fusion-lightbox\" target=\"_self\"><img decoding=\"async\" src=\"https:\/\/lahemaaturism.ee\/wp-content\/uploads\/2018\/03\/hero_1-1-460x295.jpg\" width=\"460\" height=\"295\" alt=\"\" title=\"hero_1\" aria-label=\"hero_1\" class=\"img-responsive wp-image-18 fusion-gallery-image-size-fixed\"  \/><\/a><\/div><\/div><div style=\"padding:5px;\" class=\"fusion-grid-column fusion-gallery-column fusion-gallery-column-3 hover-type-zoomin\"><div class=\"fusion-gallery-image\"><a href=\"https:\/\/lahemaaturism.ee\/wp-content\/uploads\/2018\/03\/hero_2.jpg\" rel=\"noreferrer\" data-rel=\"iLightbox[gallery_image_1]\" class=\"fusion-lightbox\" target=\"_self\"><img decoding=\"async\" src=\"https:\/\/lahemaaturism.ee\/wp-content\/uploads\/2018\/03\/hero_2-460x295.jpg\" width=\"460\" height=\"295\" alt=\"\" title=\"hero_2\" aria-label=\"hero_2\" class=\"img-responsive wp-image-16 fusion-gallery-image-size-fixed\"  \/><\/a><\/div><\/div><div class=\"clearfix\"><\/div><div style=\"padding:5px;\" class=\"fusion-grid-column fusion-gallery-column fusion-gallery-column-3 hover-type-zoomin\"><div class=\"fusion-gallery-image\"><a href=\"https:\/\/lahemaaturism.ee\/wp-content\/uploads\/2018\/03\/bog_thumbnail-1.jpg\" rel=\"noreferrer\" data-rel=\"iLightbox[gallery_image_1]\" class=\"fusion-lightbox\" target=\"_self\"><img decoding=\"async\" src=\"https:\/\/lahemaaturism.ee\/wp-content\/uploads\/2018\/03\/bog_thumbnail-1-460x295.jpg\" width=\"460\" height=\"295\" alt=\"\" title=\"bog_thumbnail\" aria-label=\"bog_thumbnail\" class=\"img-responsive wp-image-44 fusion-gallery-image-size-fixed\"  \/><\/a><\/div><\/div><\/div><\/div><\/div><\/div><div class=\"fusion-layout-column fusion_builder_column fusion-builder-column-3 fusion_builder_column_1_3 1_3 fusion-flex-column\" style=\"--awb-padding-top:90px;--awb-bg-size:cover;--awb-width-large:33.3333333333%;--awb-margin-top-large:0px;--awb-spacing-right-large:5.76%;--awb-margin-bottom-large:20px;--awb-spacing-left-large:3.83999999999%;--awb-width-medium:33.3333333333%;--awb-spacing-right-medium:5.76%;--awb-spacing-left-medium:3.83999999999%;--awb-width-small:100%;--awb-spacing-right-small:1.92%;--awb-spacing-left-small:1.92%;\"><div class=\"fusion-column-wrapper fusion-flex-justify-content-flex-start fusion-content-layout-column\"><div class=\"fusion-image-element \" style=\"--awb-caption-title-font-family:var(--h2_typography-font-family);--awb-caption-title-font-weight:var(--h2_typography-font-weight);--awb-caption-title-font-style:var(--h2_typography-font-style);--awb-caption-title-size:var(--h2_typography-font-size);--awb-caption-title-transform:var(--h2_typography-text-transform);--awb-caption-title-line-height:var(--h2_typography-line-height);--awb-caption-title-letter-spacing:var(--h2_typography-letter-spacing);\"><span class=\" fusion-imageframe imageframe-none imageframe-1 hover-type-none\"><img decoding=\"async\" width=\"322\" height=\"217\" title=\"image001\" src=\"https:\/\/lahemaaturism.ee\/wp-content\/uploads\/2018\/04\/image001.png\" alt class=\"img-responsive wp-image-1412\" srcset=\"https:\/\/lahemaaturism.ee\/wp-content\/uploads\/2018\/04\/image001-200x135.png 200w, https:\/\/lahemaaturism.ee\/wp-content\/uploads\/2018\/04\/image001.png 322w\" sizes=\"(max-width: 640px) 100vw, 322px\" \/><\/span><\/div><\/div><\/div><\/div><\/div><\/p>\n","protected":false},"excerpt":{"rendered":"","protected":false},"author":4,"featured_media":0,"parent":0,"menu_order":0,"comment_status":"closed","ping_status":"closed","template":"100-width.php","meta":{"footnotes":""},"class_list":["post-318","page","type-page","status-publish","hentry"],"yoast_head":"<!-- This site is optimized with the Yoast SEO plugin v27.2 - https:\/\/yoast.com\/product\/yoast-seo-wordpress\/ -->\n<title>Lahemaa National Park - Lahemaa \u00d6koturism<\/title>\n<meta name=\"robots\" content=\"index, follow, max-snippet:-1, max-image-preview:large, max-video-preview:-1\" \/>\n<link rel=\"canonical\" href=\"https:\/\/lahemaaturism.ee\/en\/lahemaa-national-park\/\" \/>\n<meta property=\"og:locale\" content=\"en_US\" \/>\n<meta property=\"og:type\" content=\"article\" \/>\n<meta property=\"og:title\" content=\"Lahemaa National Park - Lahemaa \u00d6koturism\" \/>\n<meta property=\"og:url\" content=\"https:\/\/lahemaaturism.ee\/en\/lahemaa-national-park\/\" \/>\n<meta property=\"og:site_name\" content=\"Lahemaa \u00d6koturism\" \/>\n<meta property=\"article:modified_time\" content=\"2020-03-19T16:18:28+00:00\" \/>\n<meta name=\"twitter:card\" content=\"summary_large_image\" \/>\n<meta name=\"twitter:label1\" content=\"Est. reading time\" \/>\n\t<meta name=\"twitter:data1\" content=\"5 minutes\" \/>\n<script type=\"application\/ld+json\" class=\"yoast-schema-graph\">{\"@context\":\"https:\/\/schema.org\",\"@graph\":[{\"@type\":\"WebPage\",\"@id\":\"https:\/\/lahemaaturism.ee\/en\/lahemaa-national-park\/\",\"url\":\"https:\/\/lahemaaturism.ee\/en\/lahemaa-national-park\/\",\"name\":\"Lahemaa National Park - Lahemaa \u00d6koturism\",\"isPartOf\":{\"@id\":\"https:\/\/lahemaaturism.ee\/#website\"},\"datePublished\":\"2018-04-05T10:20:52+00:00\",\"dateModified\":\"2020-03-19T16:18:28+00:00\",\"breadcrumb\":{\"@id\":\"https:\/\/lahemaaturism.ee\/en\/lahemaa-national-park\/#breadcrumb\"},\"inLanguage\":\"en-US\",\"potentialAction\":[{\"@type\":\"ReadAction\",\"target\":[\"https:\/\/lahemaaturism.ee\/en\/lahemaa-national-park\/\"]}]},{\"@type\":\"BreadcrumbList\",\"@id\":\"https:\/\/lahemaaturism.ee\/en\/lahemaa-national-park\/#breadcrumb\",\"itemListElement\":[{\"@type\":\"ListItem\",\"position\":1,\"name\":\"Home\",\"item\":\"https:\/\/lahemaaturism.ee\/en\/avaleht\/\"},{\"@type\":\"ListItem\",\"position\":2,\"name\":\"Lahemaa National Park\"}]},{\"@type\":\"WebSite\",\"@id\":\"https:\/\/lahemaaturism.ee\/#website\",\"url\":\"https:\/\/lahemaaturism.ee\/\",\"name\":\"Lahemaa \u00d6koturism\",\"description\":\"Keskkonnas\u00f5bralikud r\u00e4nnakud l\u00e4bi imelise Lahemaa looduse ja kultuurip\u00e4randi\",\"potentialAction\":[{\"@type\":\"SearchAction\",\"target\":{\"@type\":\"EntryPoint\",\"urlTemplate\":\"https:\/\/lahemaaturism.ee\/?s={search_term_string}\"},\"query-input\":{\"@type\":\"PropertyValueSpecification\",\"valueRequired\":true,\"valueName\":\"search_term_string\"}}],\"inLanguage\":\"en-US\"}]}<\/script>\n<!-- \/ Yoast SEO plugin. -->","yoast_head_json":{"title":"Lahemaa National Park - Lahemaa \u00d6koturism","robots":{"index":"index","follow":"follow","max-snippet":"max-snippet:-1","max-image-preview":"max-image-preview:large","max-video-preview":"max-video-preview:-1"},"canonical":"https:\/\/lahemaaturism.ee\/en\/lahemaa-national-park\/","og_locale":"en_US","og_type":"article","og_title":"Lahemaa National Park - Lahemaa \u00d6koturism","og_url":"https:\/\/lahemaaturism.ee\/en\/lahemaa-national-park\/","og_site_name":"Lahemaa \u00d6koturism","article_modified_time":"2020-03-19T16:18:28+00:00","twitter_card":"summary_large_image","twitter_misc":{"Est. reading time":"5 minutes"},"schema":{"@context":"https:\/\/schema.org","@graph":[{"@type":"WebPage","@id":"https:\/\/lahemaaturism.ee\/en\/lahemaa-national-park\/","url":"https:\/\/lahemaaturism.ee\/en\/lahemaa-national-park\/","name":"Lahemaa National Park - Lahemaa \u00d6koturism","isPartOf":{"@id":"https:\/\/lahemaaturism.ee\/#website"},"datePublished":"2018-04-05T10:20:52+00:00","dateModified":"2020-03-19T16:18:28+00:00","breadcrumb":{"@id":"https:\/\/lahemaaturism.ee\/en\/lahemaa-national-park\/#breadcrumb"},"inLanguage":"en-US","potentialAction":[{"@type":"ReadAction","target":["https:\/\/lahemaaturism.ee\/en\/lahemaa-national-park\/"]}]},{"@type":"BreadcrumbList","@id":"https:\/\/lahemaaturism.ee\/en\/lahemaa-national-park\/#breadcrumb","itemListElement":[{"@type":"ListItem","position":1,"name":"Home","item":"https:\/\/lahemaaturism.ee\/en\/avaleht\/"},{"@type":"ListItem","position":2,"name":"Lahemaa National Park"}]},{"@type":"WebSite","@id":"https:\/\/lahemaaturism.ee\/#website","url":"https:\/\/lahemaaturism.ee\/","name":"Lahemaa \u00d6koturism","description":"Keskkonnas\u00f5bralikud r\u00e4nnakud l\u00e4bi imelise Lahemaa looduse ja kultuurip\u00e4randi","potentialAction":[{"@type":"SearchAction","target":{"@type":"EntryPoint","urlTemplate":"https:\/\/lahemaaturism.ee\/?s={search_term_string}"},"query-input":{"@type":"PropertyValueSpecification","valueRequired":true,"valueName":"search_term_string"}}],"inLanguage":"en-US"}]}},"_links":{"self":[{"href":"https:\/\/lahemaaturism.ee\/en\/wp-json\/wp\/v2\/pages\/318","targetHints":{"allow":["GET"]}}],"collection":[{"href":"https:\/\/lahemaaturism.ee\/en\/wp-json\/wp\/v2\/pages"}],"about":[{"href":"https:\/\/lahemaaturism.ee\/en\/wp-json\/wp\/v2\/types\/page"}],"author":[{"embeddable":true,"href":"https:\/\/lahemaaturism.ee\/en\/wp-json\/wp\/v2\/users\/4"}],"replies":[{"embeddable":true,"href":"https:\/\/lahemaaturism.ee\/en\/wp-json\/wp\/v2\/comments?post=318"}],"version-history":[{"count":5,"href":"https:\/\/lahemaaturism.ee\/en\/wp-json\/wp\/v2\/pages\/318\/revisions"}],"predecessor-version":[{"id":1733,"href":"https:\/\/lahemaaturism.ee\/en\/wp-json\/wp\/v2\/pages\/318\/revisions\/1733"}],"wp:attachment":[{"href":"https:\/\/lahemaaturism.ee\/en\/wp-json\/wp\/v2\/media?parent=318"}],"curies":[{"name":"wp","href":"https:\/\/api.w.org\/{rel}","templated":true}]}}