{"id":2597,"date":"2020-12-06T14:25:17","date_gmt":"2020-12-06T12:25:17","guid":{"rendered":"https:\/\/lahemaaturism.ee\/toode\/100e-gift-card\/"},"modified":"2020-12-06T14:25:17","modified_gmt":"2020-12-06T12:25:17","slug":"100e-gift-card","status":"publish","type":"product","link":"https:\/\/lahemaaturism.ee\/en\/toode\/100e-gift-card\/","title":{"rendered":"100\u20ac Gift Card"},"content":{"rendered":"","protected":false},"excerpt":{"rendered":"<ul>\n<li>Gift cards are valid for 1 year.<\/li>\n<li>The time of the trip is agreed upon by the cardholder with the organizer and can take place at times that are free for the organizer (so arranging the trip as early as possible ensures that the trip is available at the desired time.)<\/li>\n<li>The card will be sent to the buyer by e-mail with an invoice.<\/li>\n<\/ul>\n","protected":false},"featured_media":2035,"template":"","meta":[],"product_brand":[],"product_cat":[64],"product_tag":[],"class_list":{"0":"post-2597","1":"product","2":"type-product","3":"status-publish","4":"has-post-thumbnail","6":"product_cat-maaramata-en","8":"first","9":"instock","10":"virtual","11":"purchasable","12":"product-type-simple"},"yoast_head":"<!-- This site is optimized with the Yoast SEO plugin v27.2 - https:\/\/yoast.com\/product\/yoast-seo-wordpress\/ -->\n<title>100\u20ac Gift Card - Lahemaa \u00d6koturism<\/title>\n<meta name=\"robots\" content=\"index, follow, max-snippet:-1, max-image-preview:large, max-video-preview:-1\" \/>\n<link rel=\"canonical\" href=\"https:\/\/lahemaaturism.ee\/en\/toode\/100e-gift-card\/\" \/>\n<meta property=\"og:locale\" content=\"en_US\" \/>\n<meta property=\"og:type\" content=\"article\" \/>\n<meta property=\"og:title\" content=\"100\u20ac Gift Card - Lahemaa \u00d6koturism\" \/>\n<meta property=\"og:description\" content=\"Gift cards are valid for 1 year.  The time of the trip is agreed upon by the cardholder with the organizer and can take place at times that are free for the organizer (so arranging the trip as early as possible ensures that the trip is available at the desired time.)  The card will be sent to the buyer by e-mail with an invoice.\" \/>\n<meta property=\"og:url\" content=\"https:\/\/lahemaaturism.ee\/en\/toode\/100e-gift-card\/\" \/>\n<meta property=\"og:site_name\" content=\"Lahemaa \u00d6koturism\" \/>\n<meta property=\"og:image\" content=\"https:\/\/lahemaaturism.ee\/wp-content\/uploads\/2020\/12\/100-1.png\" \/>\n\t<meta property=\"og:image:width\" content=\"1316\" \/>\n\t<meta property=\"og:image:height\" content=\"1411\" \/>\n\t<meta property=\"og:image:type\" content=\"image\/png\" \/>\n<meta name=\"twitter:card\" content=\"summary_large_image\" \/>\n<script type=\"application\/ld+json\" class=\"yoast-schema-graph\">{\"@context\":\"https:\/\/schema.org\",\"@graph\":[{\"@type\":\"WebPage\",\"@id\":\"https:\/\/lahemaaturism.ee\/en\/toode\/100e-gift-card\/\",\"url\":\"https:\/\/lahemaaturism.ee\/en\/toode\/100e-gift-card\/\",\"name\":\"100\u20ac Gift Card - Lahemaa \u00d6koturism\",\"isPartOf\":{\"@id\":\"https:\/\/lahemaaturism.ee\/#website\"},\"primaryImageOfPage\":{\"@id\":\"https:\/\/lahemaaturism.ee\/en\/toode\/100e-gift-card\/#primaryimage\"},\"image\":{\"@id\":\"https:\/\/lahemaaturism.ee\/en\/toode\/100e-gift-card\/#primaryimage\"},\"thumbnailUrl\":\"https:\/\/lahemaaturism.ee\/wp-content\/uploads\/2020\/12\/100-1.png\",\"datePublished\":\"2020-12-06T12:25:17+00:00\",\"breadcrumb\":{\"@id\":\"https:\/\/lahemaaturism.ee\/en\/toode\/100e-gift-card\/#breadcrumb\"},\"inLanguage\":\"en-US\",\"potentialAction\":[{\"@type\":\"ReadAction\",\"target\":[\"https:\/\/lahemaaturism.ee\/en\/toode\/100e-gift-card\/\"]}]},{\"@type\":\"ImageObject\",\"inLanguage\":\"en-US\",\"@id\":\"https:\/\/lahemaaturism.ee\/en\/toode\/100e-gift-card\/#primaryimage\",\"url\":\"https:\/\/lahemaaturism.ee\/wp-content\/uploads\/2020\/12\/100-1.png\",\"contentUrl\":\"https:\/\/lahemaaturism.ee\/wp-content\/uploads\/2020\/12\/100-1.png\",\"width\":1316,\"height\":1411},{\"@type\":\"BreadcrumbList\",\"@id\":\"https:\/\/lahemaaturism.ee\/en\/toode\/100e-gift-card\/#breadcrumb\",\"itemListElement\":[{\"@type\":\"ListItem\",\"position\":1,\"name\":\"Home\",\"item\":\"https:\/\/lahemaaturism.ee\/en\/avaleht\/\"},{\"@type\":\"ListItem\",\"position\":2,\"name\":\"Shop\",\"item\":\"https:\/\/lahemaaturism.ee\/en\/shop\/\"},{\"@type\":\"ListItem\",\"position\":3,\"name\":\"100\u20ac Gift Card\"}]},{\"@type\":\"WebSite\",\"@id\":\"https:\/\/lahemaaturism.ee\/#website\",\"url\":\"https:\/\/lahemaaturism.ee\/\",\"name\":\"Lahemaa \u00d6koturism\",\"description\":\"Keskkonnas\u00f5bralikud r\u00e4nnakud l\u00e4bi imelise Lahemaa looduse ja kultuurip\u00e4randi\",\"potentialAction\":[{\"@type\":\"SearchAction\",\"target\":{\"@type\":\"EntryPoint\",\"urlTemplate\":\"https:\/\/lahemaaturism.ee\/?s={search_term_string}\"},\"query-input\":{\"@type\":\"PropertyValueSpecification\",\"valueRequired\":true,\"valueName\":\"search_term_string\"}}],\"inLanguage\":\"en-US\"}]}<\/script>\n<!-- \/ Yoast SEO plugin. -->","yoast_head_json":{"title":"100\u20ac Gift Card - Lahemaa \u00d6koturism","robots":{"index":"index","follow":"follow","max-snippet":"max-snippet:-1","max-image-preview":"max-image-preview:large","max-video-preview":"max-video-preview:-1"},"canonical":"https:\/\/lahemaaturism.ee\/en\/toode\/100e-gift-card\/","og_locale":"en_US","og_type":"article","og_title":"100\u20ac Gift Card - Lahemaa \u00d6koturism","og_description":"Gift cards are valid for 1 year.  The time of the trip is agreed upon by the cardholder with the organizer and can take place at times that are free for the organizer (so arranging the trip as early as possible ensures that the trip is available at the desired time.)  The card will be sent to the buyer by e-mail with an invoice.","og_url":"https:\/\/lahemaaturism.ee\/en\/toode\/100e-gift-card\/","og_site_name":"Lahemaa \u00d6koturism","og_image":[{"width":1316,"height":1411,"url":"https:\/\/lahemaaturism.ee\/wp-content\/uploads\/2020\/12\/100-1.png","type":"image\/png"}],"twitter_card":"summary_large_image","schema":{"@context":"https:\/\/schema.org","@graph":[{"@type":"WebPage","@id":"https:\/\/lahemaaturism.ee\/en\/toode\/100e-gift-card\/","url":"https:\/\/lahemaaturism.ee\/en\/toode\/100e-gift-card\/","name":"100\u20ac Gift Card - Lahemaa \u00d6koturism","isPartOf":{"@id":"https:\/\/lahemaaturism.ee\/#website"},"primaryImageOfPage":{"@id":"https:\/\/lahemaaturism.ee\/en\/toode\/100e-gift-card\/#primaryimage"},"image":{"@id":"https:\/\/lahemaaturism.ee\/en\/toode\/100e-gift-card\/#primaryimage"},"thumbnailUrl":"https:\/\/lahemaaturism.ee\/wp-content\/uploads\/2020\/12\/100-1.png","datePublished":"2020-12-06T12:25:17+00:00","breadcrumb":{"@id":"https:\/\/lahemaaturism.ee\/en\/toode\/100e-gift-card\/#breadcrumb"},"inLanguage":"en-US","potentialAction":[{"@type":"ReadAction","target":["https:\/\/lahemaaturism.ee\/en\/toode\/100e-gift-card\/"]}]},{"@type":"ImageObject","inLanguage":"en-US","@id":"https:\/\/lahemaaturism.ee\/en\/toode\/100e-gift-card\/#primaryimage","url":"https:\/\/lahemaaturism.ee\/wp-content\/uploads\/2020\/12\/100-1.png","contentUrl":"https:\/\/lahemaaturism.ee\/wp-content\/uploads\/2020\/12\/100-1.png","width":1316,"height":1411},{"@type":"BreadcrumbList","@id":"https:\/\/lahemaaturism.ee\/en\/toode\/100e-gift-card\/#breadcrumb","itemListElement":[{"@type":"ListItem","position":1,"name":"Home","item":"https:\/\/lahemaaturism.ee\/en\/avaleht\/"},{"@type":"ListItem","position":2,"name":"Shop","item":"https:\/\/lahemaaturism.ee\/en\/shop\/"},{"@type":"ListItem","position":3,"name":"100\u20ac Gift Card"}]},{"@type":"WebSite","@id":"https:\/\/lahemaaturism.ee\/#website","url":"https:\/\/lahemaaturism.ee\/","name":"Lahemaa \u00d6koturism","description":"Keskkonnas\u00f5bralikud r\u00e4nnakud l\u00e4bi imelise Lahemaa looduse ja kultuurip\u00e4randi","potentialAction":[{"@type":"SearchAction","target":{"@type":"EntryPoint","urlTemplate":"https:\/\/lahemaaturism.ee\/?s={search_term_string}"},"query-input":{"@type":"PropertyValueSpecification","valueRequired":true,"valueName":"search_term_string"}}],"inLanguage":"en-US"}]}},"_links":{"self":[{"href":"https:\/\/lahemaaturism.ee\/en\/wp-json\/wp\/v2\/product\/2597","targetHints":{"allow":["GET"]}}],"collection":[{"href":"https:\/\/lahemaaturism.ee\/en\/wp-json\/wp\/v2\/product"}],"about":[{"href":"https:\/\/lahemaaturism.ee\/en\/wp-json\/wp\/v2\/types\/product"}],"wp:featuredmedia":[{"embeddable":true,"href":"https:\/\/lahemaaturism.ee\/en\/wp-json\/wp\/v2\/media\/2035"}],"wp:attachment":[{"href":"https:\/\/lahemaaturism.ee\/en\/wp-json\/wp\/v2\/media?parent=2597"}],"wp:term":[{"taxonomy":"product_brand","embeddable":true,"href":"https:\/\/lahemaaturism.ee\/en\/wp-json\/wp\/v2\/product_brand?post=2597"},{"taxonomy":"product_cat","embeddable":true,"href":"https:\/\/lahemaaturism.ee\/en\/wp-json\/wp\/v2\/product_cat?post=2597"},{"taxonomy":"product_tag","embeddable":true,"href":"https:\/\/lahemaaturism.ee\/en\/wp-json\/wp\/v2\/product_tag?post=2597"}],"curies":[{"name":"wp","href":"https:\/\/api.w.org\/{rel}","templated":true}]}}